{"id":1877,"date":"2021-06-15T13:49:28","date_gmt":"2021-06-15T13:49:28","guid":{"rendered":"https:\/\/s2spa.it\/a-propos-de-nous\/"},"modified":"2025-01-29T00:06:34","modified_gmt":"2025-01-29T00:06:34","slug":"a-propos-de-nous","status":"publish","type":"page","link":"https:\/\/s2spa.it\/fr\/a-propos-de-nous\/","title":{"rendered":"A propos de nous"},"content":{"rendered":"\n<div class=\"wp-block-themeisle-blocks-advanced-columns alignfull has-1-columns has-desktop-equal-layout has-tablet-equal-layout has-mobile-equal-layout has-wide-gap has-vertical-center\" id=\"wp-block-themeisle-blocks-advanced-columns-ad070be9\"><div class=\"wp-block-themeisle-blocks-advanced-columns-overlay\"><\/div><div class=\"innerblocks-wrap\">\n<div class=\"wp-block-themeisle-blocks-advanced-column\" id=\"wp-block-themeisle-blocks-advanced-column-40d76666\">\n<div class=\"wp-block-themeisle-blocks-service\">\n<h1 id=\"wp-block-themeisle-blocks-advanced-heading-1ff1c8f2\" class=\"wp-block-themeisle-blocks-advanced-heading wp-block-themeisle-blocks-advanced-heading-1ff1c8f2\">A propos de nous<\/h1>\n<\/div>\n<\/div>\n<\/div><\/div>\n\n<div class=\"wp-block-themeisle-blocks-advanced-columns alignfull has-2-columns has-desktop-twoOne-layout has-tablet-equal-layout has-mobile-collapsedRows-layout has-wide-gap has-vertical-unset\" id=\"wp-block-themeisle-blocks-advanced-columns-476a0cf1\"><div class=\"wp-block-themeisle-blocks-advanced-columns-overlay\"><\/div><div class=\"innerblocks-wrap\">\n<div class=\"wp-block-themeisle-blocks-advanced-column\" id=\"wp-block-themeisle-blocks-advanced-column-eeb6a42e\">\n<h2 id=\"wp-block-themeisle-blocks-advanced-heading-3b97985f\" class=\"wp-block-themeisle-blocks-advanced-heading wp-block-themeisle-blocks-advanced-heading-3b97985f ticss-a126335f\">Quelle que soit la taille ou la complexit\u00e9 de votre <span style=\"color:#e53e28\">projet, S2 est le partenaire id\u00e9al pour le concr\u00e9tiser.<\/span> Les leaders mondiaux du design et du luxe lui font confiance.<\/h2>\n<\/div>\n\n\n\n<div class=\"wp-block-themeisle-blocks-advanced-column\" id=\"wp-block-themeisle-blocks-advanced-column-cb6ac2de\">\n<p class=\"ticss-8fdef464 has-medium-font-size\">Depuis 1973, S2 n&rsquo;a cess\u00e9 d&rsquo;\u00e9voluer et de s&rsquo;am\u00e9liorer tout en restant fid\u00e8le \u00e0 une approche sans compromis en mati\u00e8re de qualit\u00e9 de fabrication et d&rsquo;ing\u00e9nierie fiable. <\/p>\n\n\n\n<p class=\"has-medium-font-size\">Nous offrons aujourd&rsquo;hui un vaste \u00e9ventail de connaissances et de capacit\u00e9s artisanales aux marques des leaders mondiaux de l&rsquo;industrie du meuble, de l&rsquo;automobile, des r\u00e9sidences de luxe et des yachts.<\/p>\n<\/div>\n<\/div><\/div>\n\n<div class=\"wp-block-themeisle-blocks-advanced-columns has-2-columns has-desktop-equal-layout has-tablet-equal-layout has-mobile-collapsedRows-layout has-default-gap has-vertical-unset\" id=\"wp-block-themeisle-blocks-advanced-columns-21251ca1\"><div class=\"wp-block-themeisle-blocks-advanced-columns-overlay\"><\/div><div class=\"innerblocks-wrap\">\n<div class=\"wp-block-themeisle-blocks-advanced-column\" id=\"wp-block-themeisle-blocks-advanced-column-f64c749f\">\n<p class=\"has-medium-font-size\"><strong>Notre histoire commence en 1973<\/strong>, lorsqu&rsquo;Antonio et Urbano ont ouvert leur propre atelier de menuiserie artisanale. Les premiers clients \u00e9taient fascin\u00e9s de les voir travailler, car ils recherchaient la perfection dans chaque aspect de leur fabrication. Avance rapide de 49 ans, la famille Sartori est toujours fid\u00e8le aux valeurs qui nous ont inspir\u00e9s depuis le premier jour.   <\/p>\n<\/div>\n\n\n\n<div class=\"wp-block-themeisle-blocks-advanced-column\" id=\"wp-block-themeisle-blocks-advanced-column-3a39c15f\">\n<p class=\"has-medium-font-size\"><strong>Nous avons grandi, nous avons \u00e9volu\u00e9, mais nous n&rsquo;avons certainement pas chang\u00e9.<\/strong> <\/p>\n\n\n\n<p class=\"has-medium-font-size\">Nous concevons, fabriquons et installons avec la m\u00eame passion et les m\u00eames comp\u00e9tences, mais avec une technologie de pointe.<\/p>\n<\/div>\n<\/div><\/div>\n\n<div class=\"wp-block-themeisle-blocks-advanced-columns alignfull has-2-columns has-desktop-equal-layout has-tablet-equal-layout has-mobile-collapsedRows-layout has-nogap-gap has-vertical-center ticss-9af8527e er_full_height_left_column_section\" id=\"wp-block-themeisle-blocks-advanced-columns-e6600ecf\"><div class=\"wp-block-themeisle-blocks-advanced-columns-overlay\"><\/div><div class=\"innerblocks-wrap\">\n<div class=\"wp-block-themeisle-blocks-advanced-column er_has_ken_burns er_has_ken_burns_contained\" id=\"wp-block-themeisle-blocks-advanced-column-62d6e6a9\"><\/div>\n\n\n\n<div class=\"wp-block-themeisle-blocks-advanced-column ticss-44eccd85\" id=\"wp-block-themeisle-blocks-advanced-column-11ddb6ed\">\n<h2 id=\"wp-block-themeisle-blocks-advanced-heading-bfff897b\" class=\"wp-block-themeisle-blocks-advanced-heading wp-block-themeisle-blocks-advanced-heading-bfff897b ticss-a126335f\">Des professionnels d\u00e9vou\u00e9s<\/h2>\n\n\n\n<p>Nous sommes convaincus que sans le d\u00e9vouement, le talent et les performances de nos artisans, ing\u00e9nieurs et professionnels du march\u00e9, aucune de nos r\u00e9alisations ni celles de nos clients n&rsquo;auraient \u00e9t\u00e9 possibles. <\/p>\n\n\n\n<p>En travaillant ensemble et en \u00e9troite collaboration avec le client, nous visons \u00e0 obtenir les r\u00e9sultats les plus satisfaisants. <\/p>\n<\/div>\n<\/div><\/div>\n\n<div class=\"wp-block-themeisle-blocks-advanced-columns alignfull has-2-columns has-desktop-twoOne-layout has-tablet-equal-layout has-mobile-collapsedRows-layout has-default-gap has-vertical-center er_full_height_right_column_section ticss-80147980\" id=\"wp-block-themeisle-blocks-advanced-columns-e5a61ba1\"><div class=\"wp-block-themeisle-blocks-advanced-columns-overlay\"><\/div><div class=\"innerblocks-wrap\">\n<div class=\"wp-block-themeisle-blocks-advanced-column ticss-036e4041\" id=\"wp-block-themeisle-blocks-advanced-column-50b9154d\">\n<h2 id=\"wp-block-themeisle-blocks-advanced-heading-7bcc3b2b\" class=\"wp-block-themeisle-blocks-advanced-heading wp-block-themeisle-blocks-advanced-heading-7bcc3b2b ticss-00e5a07a\">Approche \u00e9co-durable<\/h2>\n\n\n\n<p class=\"ticss-dcf3aa50\">Nous nous sommes engag\u00e9s \u00e0 r\u00e9duire les d\u00e9chets en recyclant plus de 90 % de nos rebuts afin de promouvoir un changement durable dans la mani\u00e8re dont nous exer\u00e7ons nos activit\u00e9s. Nous avons mis en place un syst\u00e8me de chauffage centralis\u00e9 qui utilise des d\u00e9chets de bois semi-transform\u00e9, desservant notre usine de production en r\u00e9duisant drastiquement les d\u00e9chets. Nous visons \u00e9galement \u00e0 r\u00e9duire l&#8217;empreinte carbone en produisant et en utilisant une \u00e9nergie propre pour r\u00e9pondre \u00e0 la demande interne, gr\u00e2ce \u00e0 l&rsquo;installation r\u00e9cente d&rsquo;un syst\u00e8me solaire innovant.   <\/p>\n\n\n\n<p class=\"ticss-dcf3aa50\">\u00a0<\/p>\n<\/div>\n\n\n\n<div class=\"wp-block-themeisle-blocks-advanced-column er_has_ken_burns\" id=\"wp-block-themeisle-blocks-advanced-column-131f05b8\"><\/div>\n<\/div><\/div>\n\n<div class=\"wp-block-themeisle-blocks-advanced-columns alignfull has-1-columns has-desktop-equal-layout has-tablet-equal-layout has-mobile-equal-layout has-nogap-gap has-vertical-center er_has_ken_burns\" id=\"wp-block-themeisle-blocks-advanced-columns-436fe063\"><div class=\"wp-block-themeisle-blocks-advanced-columns-overlay\"><\/div><div class=\"innerblocks-wrap\">\n<div class=\"wp-block-themeisle-blocks-advanced-column\" id=\"wp-block-themeisle-blocks-advanced-column-1b0fe7ec\"><\/div>\n<\/div><\/div>\n\n<div class=\"wp-block-themeisle-blocks-advanced-columns alignfull has-2-columns has-desktop-equal-layout has-tablet-equal-layout has-mobile-collapsedRows-layout has-nogap-gap has-vertical-unset\" id=\"wp-block-themeisle-blocks-advanced-columns-555a0667\"><div class=\"wp-block-themeisle-blocks-advanced-columns-overlay\"><\/div><div class=\"innerblocks-wrap\">\n<div class=\"wp-block-themeisle-blocks-advanced-column\" id=\"wp-block-themeisle-blocks-advanced-column-0ea168c1\">\n<figure class=\"wp-block-image size-large animated fadeInUp fast\"><img loading=\"lazy\" decoding=\"async\" width=\"1024\" height=\"1024\" src=\"https:\/\/s2spa.it\/wp-content\/uploads\/2021\/08\/ME13-1024x1024.jpg\" alt=\"\" class=\"wp-image-1063\" srcset=\"https:\/\/s2spa.it\/wp-content\/uploads\/2021\/08\/ME13-1024x1024.jpg 1024w, https:\/\/s2spa.it\/wp-content\/uploads\/2021\/08\/ME13-300x300.jpg 300w, https:\/\/s2spa.it\/wp-content\/uploads\/2021\/08\/ME13-150x150.jpg 150w, https:\/\/s2spa.it\/wp-content\/uploads\/2021\/08\/ME13-768x768.jpg 768w, https:\/\/s2spa.it\/wp-content\/uploads\/2021\/08\/ME13.jpg 1200w\" sizes=\"auto, (max-width: 1024px) 100vw, 1024px\" \/><\/figure>\n<\/div>\n\n\n\n<div class=\"wp-block-themeisle-blocks-advanced-column\" id=\"wp-block-themeisle-blocks-advanced-column-abe07739\">\n<figure class=\"wp-block-image size-large animated fadeInUp delay-200ms fast\"><img loading=\"lazy\" decoding=\"async\" width=\"1024\" height=\"1024\" src=\"https:\/\/s2spa.it\/wp-content\/uploads\/2021\/08\/G01-1024x1024.jpg\" alt=\"\" class=\"wp-image-1012\" srcset=\"https:\/\/s2spa.it\/wp-content\/uploads\/2021\/08\/G01-1024x1024.jpg 1024w, https:\/\/s2spa.it\/wp-content\/uploads\/2021\/08\/G01-300x300.jpg 300w, https:\/\/s2spa.it\/wp-content\/uploads\/2021\/08\/G01-150x150.jpg 150w, https:\/\/s2spa.it\/wp-content\/uploads\/2021\/08\/G01-768x768.jpg 768w, https:\/\/s2spa.it\/wp-content\/uploads\/2021\/08\/G01.jpg 1200w\" sizes=\"auto, (max-width: 1024px) 100vw, 1024px\" \/><\/figure>\n<\/div>\n<\/div><\/div>\n\n<div class=\"wp-block-themeisle-blocks-advanced-columns alignfull has-2-columns has-desktop-equal-layout has-tablet-equal-layout has-mobile-collapsedRows-layout has-nogap-gap has-vertical-unset\" id=\"wp-block-themeisle-blocks-advanced-columns-57ee92b2\"><div class=\"wp-block-themeisle-blocks-advanced-columns-overlay\"><\/div><div class=\"innerblocks-wrap\">\n<div class=\"wp-block-themeisle-blocks-advanced-column\" id=\"wp-block-themeisle-blocks-advanced-column-5bbba4e4\">\n<figure class=\"wp-block-image size-large animated fadeInUp fast\"><img loading=\"lazy\" decoding=\"async\" width=\"1024\" height=\"1024\" src=\"https:\/\/s2spa.it\/wp-content\/uploads\/2021\/08\/L10-1024x1024.jpg\" alt=\"\" class=\"wp-image-1024\" srcset=\"https:\/\/s2spa.it\/wp-content\/uploads\/2021\/08\/L10-1024x1024.jpg 1024w, https:\/\/s2spa.it\/wp-content\/uploads\/2021\/08\/L10-300x300.jpg 300w, https:\/\/s2spa.it\/wp-content\/uploads\/2021\/08\/L10-150x150.jpg 150w, https:\/\/s2spa.it\/wp-content\/uploads\/2021\/08\/L10-768x768.jpg 768w, https:\/\/s2spa.it\/wp-content\/uploads\/2021\/08\/L10.jpg 1200w\" sizes=\"auto, (max-width: 1024px) 100vw, 1024px\" \/><\/figure>\n<\/div>\n\n\n\n<div class=\"wp-block-themeisle-blocks-advanced-column\" id=\"wp-block-themeisle-blocks-advanced-column-248287dc\">\n<figure class=\"wp-block-image size-large animated fadeInUp delay-200ms fast\"><img loading=\"lazy\" decoding=\"async\" width=\"1024\" height=\"1024\" src=\"https:\/\/s2spa.it\/wp-content\/uploads\/2021\/08\/L07-1024x1024.jpg\" alt=\"\" class=\"wp-image-990\" srcset=\"https:\/\/s2spa.it\/wp-content\/uploads\/2021\/08\/L07-1024x1024.jpg 1024w, https:\/\/s2spa.it\/wp-content\/uploads\/2021\/08\/L07-300x300.jpg 300w, https:\/\/s2spa.it\/wp-content\/uploads\/2021\/08\/L07-150x150.jpg 150w, https:\/\/s2spa.it\/wp-content\/uploads\/2021\/08\/L07-768x768.jpg 768w, https:\/\/s2spa.it\/wp-content\/uploads\/2021\/08\/L07.jpg 1200w\" sizes=\"auto, (max-width: 1024px) 100vw, 1024px\" \/><\/figure>\n<\/div>\n<\/div><\/div>\n\n<div class=\"wp-block-themeisle-blocks-advanced-columns alignfull has-2-columns has-desktop-equal-layout has-tablet-equal-layout has-mobile-collapsedRows-layout has-default-gap has-vertical-center\" id=\"wp-block-themeisle-blocks-advanced-columns-ad9a054e\"><div class=\"wp-block-themeisle-blocks-advanced-columns-overlay\"><\/div><div class=\"wp-block-themeisle-blocks-advanced-columns-separators top\"><svg id=\"slant\" fill=\"var(--nv-site-bg)\" viewbox=\"0 0 100 100\" width=\"100%\" height=\"100\" preserveaspectratio=\"none\" xmlns=\"http:\/\/www.w3.org\/2000\/svg\" class=\"\"><path d=\"M0 0 L100 100 L100 0 Z\"><\/path><\/svg><\/div><div class=\"innerblocks-wrap\">\n<div class=\"wp-block-themeisle-blocks-advanced-column\" id=\"wp-block-themeisle-blocks-advanced-column-b4dcdebc\">\n<h2 id=\"wp-block-themeisle-blocks-advanced-heading-66966a59\" class=\"wp-block-themeisle-blocks-advanced-heading wp-block-themeisle-blocks-advanced-heading-66966a59 ticss-41b9b363\">Des possibilit\u00e9s in\u00e9gal\u00e9es, livr\u00e9es<\/h2>\n<\/div>\n\n\n\n<div class=\"wp-block-themeisle-blocks-advanced-column\" id=\"wp-block-themeisle-blocks-advanced-column-4fdb63d4\">\n<p class=\"ticss-a507d324 has-nv-site-bg-color has-text-color has-medium-font-size\">Au fil des ans, nous avons modernis\u00e9 notre site industriel de pointe, capable de satisfaire les projets les plus exigeants, en associant une capacit\u00e9 de production flexible au savoir-faire de nos artisans italiens.<\/p>\n<\/div>\n<\/div><\/div>\n\n<div class=\"wp-block-themeisle-blocks-advanced-columns alignfull has-4-columns has-desktop-equal-layout has-tablet-equal-layout has-mobile-collapsedRows-layout has-default-gap has-vertical-center\" id=\"wp-block-themeisle-blocks-advanced-columns-8469b2d0\"><div class=\"wp-block-themeisle-blocks-advanced-columns-overlay\"><\/div><div class=\"innerblocks-wrap\">\n<div class=\"wp-block-themeisle-blocks-advanced-column animated fadeIn faster\" id=\"wp-block-themeisle-blocks-advanced-column-96e1f7db\">\n<h3 id=\"wp-block-themeisle-blocks-advanced-heading-f18c9598\" class=\"wp-block-themeisle-blocks-advanced-heading wp-block-themeisle-blocks-advanced-heading-f18c9598\">45000<\/h3>\n\n\n\n<p class=\"has-nv-site-bg-color has-text-color\">M\u00e8tres carr\u00e9s de l&rsquo;installation industrielle<\/p>\n<\/div>\n\n\n\n<div class=\"wp-block-themeisle-blocks-advanced-column animated fadeIn delay-100ms faster\" id=\"wp-block-themeisle-blocks-advanced-column-e027918d\">\n<h3 id=\"wp-block-themeisle-blocks-advanced-heading-e4a11583\" class=\"wp-block-themeisle-blocks-advanced-heading wp-block-themeisle-blocks-advanced-heading-e4a11583\">8<\/h3>\n\n\n\n<p class=\"has-nv-site-bg-color has-text-color\">Unit\u00e9s de production et de conception int\u00e9gr\u00e9es<\/p>\n<\/div>\n\n\n\n<div class=\"wp-block-themeisle-blocks-advanced-column animated fadeIn delay-200ms faster\" id=\"wp-block-themeisle-blocks-advanced-column-48572a88\">\n<h3 id=\"wp-block-themeisle-blocks-advanced-heading-636eda0b\" class=\"wp-block-themeisle-blocks-advanced-heading wp-block-themeisle-blocks-advanced-heading-636eda0b\">231<\/h3>\n\n\n\n<p class=\"has-nv-site-bg-color has-text-color\">Des membres du personnel hautement engag\u00e9s et qualifi\u00e9s<\/p>\n<\/div>\n\n\n\n<div class=\"wp-block-themeisle-blocks-advanced-column animated fadeIn delay-500ms faster\" id=\"wp-block-themeisle-blocks-advanced-column-4e2dd903\">\n<h3 id=\"wp-block-themeisle-blocks-advanced-heading-a2d86c6e\" class=\"wp-block-themeisle-blocks-advanced-heading wp-block-themeisle-blocks-advanced-heading-a2d86c6e\">28<\/h3>\n\n\n\n<p class=\"has-nv-site-bg-color has-text-color\">Qualified and highly-trained engineers<\/p>\n<\/div>\n<\/div><\/div>\n\n<div class=\"wp-block-themeisle-blocks-advanced-columns alignfull has-1-columns has-desktop-equal-layout has-tablet-equal-layout has-mobile-equal-layout has-nogap-gap has-vertical-center\" id=\"er_inline_video\"><div class=\"wp-block-themeisle-blocks-advanced-columns-overlay\"><\/div><div class=\"innerblocks-wrap\">\n<div class=\"wp-block-themeisle-blocks-advanced-column\" id=\"wp-block-themeisle-blocks-advanced-column-7dfe6212\"><\/div>\n<\/div><\/div>\n\n<div class=\"wp-block-themeisle-blocks-advanced-columns alignfull has-2-columns has-desktop-twoOne-layout has-tablet-equal-layout has-mobile-collapsedRows-layout has-wide-gap has-vertical-unset\" id=\"wp-block-themeisle-blocks-advanced-columns-52efee20\"><div class=\"wp-block-themeisle-blocks-advanced-columns-overlay\"><\/div><div class=\"innerblocks-wrap\">\n<div class=\"wp-block-themeisle-blocks-advanced-column\" id=\"wp-block-themeisle-blocks-advanced-column-177aa724\">\n<h2 id=\"wp-block-themeisle-blocks-advanced-heading-9d102bf0\" class=\"wp-block-themeisle-blocks-advanced-heading wp-block-themeisle-blocks-advanced-heading-9d102bf0 ticss-a126335f\">Une combinaison unique de<span style=\"color:#e53e28\"> designers internes et d&rsquo;artisans qualifi\u00e9s<\/span> permettant une ex\u00e9cution sans faille et une livraison dans les d\u00e9lais.<\/h2>\n<\/div>\n\n\n\n<div class=\"wp-block-themeisle-blocks-advanced-column\" id=\"wp-block-themeisle-blocks-advanced-column-57948338\">\n<p>Dans les ann\u00e9es 70, nous avons commenc\u00e9 comme une entreprise de fabrication pure. Cependant, notre passion pour le design nous a pouss\u00e9s \u00e0 investir dans la R&amp;D, pr\u00eats \u00e0 relever le d\u00e9fi de projets et d&rsquo;installations de plus en plus complexes. <\/p>\n\n\n\n<p>Comme une \u00e9volution naturelle, les missions de nos clients commencent maintenant par le concept de conception et les dessins sch\u00e9matiques. <\/p>\n<\/div>\n<\/div><\/div>\n\n<div class=\"wp-block-themeisle-blocks-advanced-columns alignfull has-2-columns has-desktop-equal-layout has-tablet-equal-layout has-mobile-collapsedRows-layout has-nogap-gap has-vertical-center ticss-9af8527c er_full_height_left_column_section\" id=\"wp-block-themeisle-blocks-advanced-columns-9c1bbe21\"><div class=\"wp-block-themeisle-blocks-advanced-columns-overlay\"><\/div><div class=\"innerblocks-wrap\">\n<div class=\"wp-block-themeisle-blocks-advanced-column er_has_ken_burns er_has_ken_burns_contained\" id=\"wp-block-themeisle-blocks-advanced-column-a3378961\"><\/div>\n\n\n\n<div class=\"wp-block-themeisle-blocks-advanced-column ticss-44eccd86\" id=\"wp-block-themeisle-blocks-advanced-column-4d6fd1dc\">\n<h2 id=\"wp-block-themeisle-blocks-advanced-heading-dc6feff9\" class=\"wp-block-themeisle-blocks-advanced-heading wp-block-themeisle-blocks-advanced-heading-dc6feff9 ticss-a126335f\">Une entreprise \u00e0 guichet unique<\/h2>\n\n\n\n<p>Des projets pr\u00e9liminaires en 3D et des \u00e9tudes de faisabilit\u00e9 jusqu&rsquo;au soutien apr\u00e8s-vente, S2 fait passer votre projet d&rsquo;une vision \u00e0 un produit r\u00e9ussi. <\/p>\n\n\n\n<p>Les professionnels de S2 vous accompagneront depuis les \u00e9tudes de faisabilit\u00e9 initiales jusqu&rsquo;au produit fini, en veillant \u00e0 ce que votre vision se transforme en un produit r\u00e9ussi de mani\u00e8re transparente et ininterrompue.<\/p>\n<\/div>\n<\/div><\/div>\n\n<div class=\"wp-block-themeisle-blocks-advanced-columns alignfull has-2-columns has-desktop-twoOne-layout has-tablet-equal-layout has-mobile-collapsedRows-layout has-wide-gap has-vertical-unset\" id=\"wp-block-themeisle-blocks-advanced-columns-d9c9eaa9\"><div class=\"wp-block-themeisle-blocks-advanced-columns-overlay\"><\/div><div class=\"innerblocks-wrap\">\n<div class=\"wp-block-themeisle-blocks-advanced-column\" id=\"wp-block-themeisle-blocks-advanced-column-a6f33f43\">\n<h2 id=\"wp-block-themeisle-blocks-advanced-heading-a216d833\" class=\"wp-block-themeisle-blocks-advanced-heading wp-block-themeisle-blocks-advanced-heading-a216d833 ticss-a126335f\">La <span style=\"color:#e53e28\">valeur humaine avant tout<\/span>, avec des programmes de formation continue et des collaborations \u00e9troites avec de prestigieuses universit\u00e9s italiennes.<\/h2>\n\n\n\n<figure class=\"wp-block-image size-large\"><img loading=\"lazy\" decoding=\"async\" width=\"800\" height=\"176\" src=\"https:\/\/s2spa.it\/wp-content\/uploads\/2021\/06\/Senza-titolo-1.png\" alt=\"\" class=\"wp-image-859\" srcset=\"https:\/\/s2spa.it\/wp-content\/uploads\/2021\/06\/Senza-titolo-1.png 800w, https:\/\/s2spa.it\/wp-content\/uploads\/2021\/06\/Senza-titolo-1-300x66.png 300w, https:\/\/s2spa.it\/wp-content\/uploads\/2021\/06\/Senza-titolo-1-768x169.png 768w\" sizes=\"auto, (max-width: 800px) 100vw, 800px\" \/><\/figure>\n<\/div>\n\n\n\n<div class=\"wp-block-themeisle-blocks-advanced-column\" id=\"wp-block-themeisle-blocks-advanced-column-23effd17\">\n<p class=\"ticss-8fdef464 has-medium-font-size\">Nous sommes fermement convaincus que les ressources humaines sont le premier et principal atout de toute entreprise : cela est particuli\u00e8rement vrai pour une entreprise comme S2 qui consid\u00e8re la qualit\u00e9 et l&rsquo;engagement comme les valeurs les plus importantes. <\/p>\n\n\n\n<p class=\"has-medium-font-size\">Nous consacrons une grande partie de notre temps de R&amp;D \u00e0 des rencontres et des partenariats avec des universit\u00e9s de renom dans le but de d\u00e9velopper des programmes de recherche appliqu\u00e9e sur la technologie et les mat\u00e9riaux. Cela nous permet d&rsquo;\u00e9tablir un pipeline de pointe qui se traduit par une grande valeur ajout\u00e9e pour le client et l&rsquo;utilisateur final. <\/p>\n<\/div>\n<\/div><\/div>\n","protected":false},"excerpt":{"rendered":"<p>Pr\u00e9sente dans les secteurs de l&rsquo;ameublement haut de gamme, des yachts et de l&rsquo;automobile, S2 Spa est le partenaire solide sur lequel les grandes marques mondiales comptent.<\/p>\n","protected":false},"author":1,"featured_media":0,"parent":0,"menu_order":0,"comment_status":"closed","ping_status":"closed","template":"page-templates\/template-pagebuilder-full-width.php","meta":{"neve_meta_sidebar":"full-width","neve_meta_container":"","neve_meta_enable_content_width":"on","neve_meta_content_width":100,"neve_meta_title_alignment":"","neve_meta_author_avatar":"","neve_post_elements_order":"","neve_meta_disable_header":"","neve_meta_disable_footer":"","neve_meta_disable_title":"on","neve_meta_reading_time":"","_themeisle_gutenberg_block_has_review":false,"footnotes":""},"class_list":["post-1877","page","type-page","status-publish","hentry"],"_links":{"self":[{"href":"https:\/\/s2spa.it\/fr\/wp-json\/wp\/v2\/pages\/1877","targetHints":{"allow":["GET"]}}],"collection":[{"href":"https:\/\/s2spa.it\/fr\/wp-json\/wp\/v2\/pages"}],"about":[{"href":"https:\/\/s2spa.it\/fr\/wp-json\/wp\/v2\/types\/page"}],"author":[{"embeddable":true,"href":"https:\/\/s2spa.it\/fr\/wp-json\/wp\/v2\/users\/1"}],"replies":[{"embeddable":true,"href":"https:\/\/s2spa.it\/fr\/wp-json\/wp\/v2\/comments?post=1877"}],"version-history":[{"count":5,"href":"https:\/\/s2spa.it\/fr\/wp-json\/wp\/v2\/pages\/1877\/revisions"}],"predecessor-version":[{"id":1894,"href":"https:\/\/s2spa.it\/fr\/wp-json\/wp\/v2\/pages\/1877\/revisions\/1894"}],"wp:attachment":[{"href":"https:\/\/s2spa.it\/fr\/wp-json\/wp\/v2\/media?parent=1877"}],"curies":[{"name":"wp","href":"https:\/\/api.w.org\/{rel}","templated":true}]}}