{"id":1898,"date":"2020-01-13T11:17:52","date_gmt":"2020-01-13T11:17:52","guid":{"rendered":"https:\/\/s2spa.it\/home\/"},"modified":"2025-01-29T18:24:39","modified_gmt":"2025-01-29T18:24:39","slug":"home","status":"publish","type":"page","link":"https:\/\/s2spa.it\/fr\/","title":{"rendered":"Home"},"content":{"rendered":"\n<div id=\"wp-block-themeisle-blocks-advanced-columns-eae0bcc6\" class=\"wp-block-themeisle-blocks-advanced-columns alignfull has-1-columns has-desktop-equal-layout has-tablet-equal-layout has-mobile-equal-layout has-vertical-center ticss-02cce2b0\"><div class=\"wp-block-themeisle-blocks-advanced-columns-overlay\"><\/div><div class=\"innerblocks-wrap\">\n<div id=\"wp-block-themeisle-blocks-advanced-column-dcbad736\" class=\"wp-block-themeisle-blocks-advanced-column ticss-772a8d7e\"><\/div>\n<\/div><\/div>\n\n<div id=\"wp-block-themeisle-blocks-advanced-columns-77c9c0ea\" class=\"wp-block-themeisle-blocks-advanced-columns alignfull has-3-columns has-desktop-equal-layout has-tablet-equal-layout has-mobile-collapsedRows-layout has-vertical-unset er_first_row_desktop\"><div class=\"wp-block-themeisle-blocks-advanced-columns-overlay\"><\/div><div class=\"innerblocks-wrap\">\n<div id=\"wp-block-themeisle-blocks-advanced-column-7b62cf79\" class=\"wp-block-themeisle-blocks-advanced-column ticss-af6d992c starts_tilted\">\n<div id=\"wp-block-themeisle-blocks-font-awesome-icons-e587086e\" class=\"wp-block-themeisle-blocks-font-awesome-icons home_first_row_play\"><\/div>\n<\/div>\n\n\n\n<div id=\"wp-block-themeisle-blocks-advanced-column-1dbeffb4\" class=\"wp-block-themeisle-blocks-advanced-column ticss-fa5a48e3 starts_tilted\">\n<h1 id=\"wp-block-themeisle-blocks-advanced-heading-5fe6f9df\" class=\"wp-block-themeisle-blocks-advanced-heading wp-block-themeisle-blocks-advanced-heading-5fe6f9df ticss-b4f0b2d9\">Vou\u00e9s \u00e0 l&rsquo;excellence, depuis 1973.<\/h1>\n<\/div>\n\n\n\n<div id=\"wp-block-themeisle-blocks-advanced-column-5eaea2c5\" class=\"wp-block-themeisle-blocks-advanced-column ticss-8c353532 starts_tilted\">\n<p class=\"ticss-3174b2dc has-nv-site-bg-color has-text-color\">S2 Spa transforme des int\u00e9rieurs visionnaires en cr\u00e9ations magistrales con\u00e7ues pour d\u00e9passer toutes les attentes, partout dans le monde. <\/p>\n<\/div>\n<\/div><\/div>\n\n<div id=\"wp-block-themeisle-blocks-advanced-columns-b6dc9dd8\" class=\"wp-block-themeisle-blocks-advanced-columns alignfull has-2-columns has-desktop-twoOne-layout has-tablet-equal-layout has-mobile-collapsedRows-layout has-vertical-unset\"><div class=\"wp-block-themeisle-blocks-advanced-columns-overlay\"><\/div><div class=\"innerblocks-wrap\">\n<div id=\"wp-block-themeisle-blocks-advanced-column-f83303f4\" class=\"wp-block-themeisle-blocks-advanced-column\">\n<h2 id=\"wp-block-themeisle-blocks-advanced-heading-94d5869f\" class=\"wp-block-themeisle-blocks-advanced-heading wp-block-themeisle-blocks-advanced-heading-94d5869f ticss-a126335f\">S2 Spa est un <span style=\"color: #e53e28;\">fabricant de meubles de premier plan <\/span>et un <span style=\"color: #e53e28;\">entrepreneur sp\u00e9cialis\u00e9 dans les int\u00e9rieurs haut de gamme.<\/span><\/h2>\n<\/div>\n\n\n\n<div id=\"wp-block-themeisle-blocks-advanced-column-3b6a31e7\" class=\"wp-block-themeisle-blocks-advanced-column\">\n<p class=\"ticss-8fdef464 has-medium-font-size\">Pendant pr\u00e8s de 50 ans, S2 est rest\u00e9e fid\u00e8le \u00e0 l&rsquo;excellence en concevant, fabriquant et installant certains des meilleurs int\u00e9rieurs et meubles de luxe au monde, avec l&rsquo;unique attention italienne aux d\u00e9tails.<\/p>\n\n\n\n<p class=\"has-medium-font-size\">N\u00e9s et \u00e9lev\u00e9s en Italie, nous fournissons des r\u00e9sultats qui r\u00e9pondent aux attentes des clients les plus exigeants.<\/p>\n<\/div>\n<\/div><\/div>\n\n<div id=\"wp-block-themeisle-blocks-advanced-columns-9b2f588e\" class=\"wp-block-themeisle-blocks-advanced-columns alignfull has-2-columns has-desktop-equal-layout has-tablet-equal-layout has-mobile-collapsedRows-layout has-vertical-unset side_by_side_media_and_text_container\"><div class=\"wp-block-themeisle-blocks-advanced-columns-overlay\"><\/div><div class=\"innerblocks-wrap\">\n<div id=\"wp-block-themeisle-blocks-advanced-column-ad194227\" class=\"wp-block-themeisle-blocks-advanced-column ticss-67b1b0f4\">\n<div class=\"wp-block-media-text alignwide is-stacked-on-mobile er_stacked\"><figure class=\"wp-block-media-text__media\"><a href=\"https:\/\/s2spa.it\/the-materials\/\"><img loading=\"lazy\" decoding=\"async\" width=\"1024\" height=\"619\" src=\"https:\/\/s2spa.it\/wp-content\/uploads\/2020\/12\/bg07-1024x619.jpg\" alt=\"\" class=\"wp-image-648 size-full\" srcset=\"https:\/\/s2spa.it\/wp-content\/uploads\/2020\/12\/bg07-1024x619.jpg 1024w, https:\/\/s2spa.it\/wp-content\/uploads\/2020\/12\/bg07-300x181.jpg 300w, https:\/\/s2spa.it\/wp-content\/uploads\/2020\/12\/bg07-768x464.jpg 768w, https:\/\/s2spa.it\/wp-content\/uploads\/2020\/12\/bg07.jpg 1200w\" sizes=\"auto, (max-width: 1024px) 100vw, 1024px\" \/><\/a><\/figure><div class=\"wp-block-media-text__content\">\n<p id=\"wp-block-themeisle-blocks-advanced-heading-8bbd7e0b\" class=\"wp-block-themeisle-blocks-advanced-heading wp-block-themeisle-blocks-advanced-heading-8bbd7e0b ticss-52ac315e\">D\u00e9couvrez<\/p>\n\n\n\n<h2 id=\"wp-block-themeisle-blocks-advanced-heading-3cdcacfd\" class=\"wp-block-themeisle-blocks-advanced-heading wp-block-themeisle-blocks-advanced-heading-3cdcacfd ticss-5f4c9ffd\">Les mat\u00e9riaux<\/h2>\n\n\n\n<p id=\"wp-block-themeisle-blocks-advanced-heading-9c38edca\" class=\"wp-block-themeisle-blocks-advanced-heading wp-block-themeisle-blocks-advanced-heading-9c38edca ticss-7621a7dc text_and_media_plus_sign\"><a href=\"https:\/\/s2spa.it\/fr\/les-materiaux\/\">+<\/a><\/p>\n<\/div><\/div>\n<\/div>\n\n\n\n<div id=\"wp-block-themeisle-blocks-advanced-column-3f102963\" class=\"wp-block-themeisle-blocks-advanced-column ticss-969f4521\">\n<div class=\"wp-block-media-text alignwide is-stacked-on-mobile er_stacked\"><figure class=\"wp-block-media-text__media\"><a href=\"https:\/\/s2spa.it\/the-process\/\"><img loading=\"lazy\" decoding=\"async\" width=\"1024\" height=\"619\" src=\"https:\/\/s2spa.it\/wp-content\/uploads\/2020\/12\/bg02-1024x619.jpg\" alt=\"\" class=\"wp-image-327 size-full\" srcset=\"https:\/\/s2spa.it\/wp-content\/uploads\/2020\/12\/bg02-1024x619.jpg 1024w, https:\/\/s2spa.it\/wp-content\/uploads\/2020\/12\/bg02-300x181.jpg 300w, https:\/\/s2spa.it\/wp-content\/uploads\/2020\/12\/bg02-768x464.jpg 768w, https:\/\/s2spa.it\/wp-content\/uploads\/2020\/12\/bg02.jpg 1200w\" sizes=\"auto, (max-width: 1024px) 100vw, 1024px\" \/><\/a><\/figure><div class=\"wp-block-media-text__content\">\n<p id=\"wp-block-themeisle-blocks-advanced-heading-da82df9c\" class=\"wp-block-themeisle-blocks-advanced-heading wp-block-themeisle-blocks-advanced-heading-da82df9c ticss-985e8d92\">D\u00e9couvrez<\/p>\n\n\n\n<h2 id=\"wp-block-themeisle-blocks-advanced-heading-41c9cd64\" class=\"wp-block-themeisle-blocks-advanced-heading wp-block-themeisle-blocks-advanced-heading-41c9cd64 ticss-5f4c9ffd\">Le processus<\/h2>\n\n\n\n<p id=\"wp-block-themeisle-blocks-advanced-heading-bb2d87ad\" class=\"wp-block-themeisle-blocks-advanced-heading wp-block-themeisle-blocks-advanced-heading-bb2d87ad ticss-1dbdea4e text_and_media_plus_sign\"><a href=\"https:\/\/s2spa.it\/fr\/le-processus\/\">+<\/a><\/p>\n<\/div><\/div>\n<\/div>\n<\/div><\/div>\n\n<div id=\"wp-block-themeisle-blocks-advanced-columns-45635c49\" class=\"wp-block-themeisle-blocks-advanced-columns alignfull has-2-columns has-desktop-twoOne-layout has-tablet-equal-layout has-mobile-collapsedRows-layout has-vertical-center has-default-gap er_full_height_right_column_section ticss-80147980\"><div class=\"wp-block-themeisle-blocks-advanced-columns-overlay\"><\/div><div class=\"innerblocks-wrap\">\n<div id=\"wp-block-themeisle-blocks-advanced-column-eaf158d8\" class=\"wp-block-themeisle-blocks-advanced-column ticss-036e45261\">\n<p class=\"has-neve-link-color-color has-text-color\">La perfection avant tout<\/p>\n\n\n\n<h2 id=\"wp-block-themeisle-blocks-advanced-heading-e6ce4806\" class=\"wp-block-themeisle-blocks-advanced-heading wp-block-themeisle-blocks-advanced-heading-e6ce4806 ticss-00e5a07a\">L&rsquo;artisanat<span style=\"color: #e53e28;\"> rencontre la technologie<\/span><\/h2>\n\n\n\n<p class=\"ticss-dcf3aa50\">En \u00e9tant capable de combiner la passion et les comp\u00e9tences artisanales avec une technologie de pointe, nous sommes maintenant fiers de cr\u00e9er des pi\u00e8ces de mobilier \u00e9tonnantes, une installation d&rsquo;am\u00e9nagement exceptionnelle, la perfection d&rsquo;un int\u00e9rieur de yacht de luxe.<\/p>\n\n\n\n<p>Nos artisans sont les gardiens du luxe, de la ma\u00eetrise ancienne, du savoir et, en fin de compte, de la qualit\u00e9. Celle de la combinaison parfaite de bois riches, de peaux pr\u00e9cieuses, de m\u00e9taux parfaitement fa\u00e7onn\u00e9s, de marbre sculpt\u00e9 avec pr\u00e9cision. Nous passons au niveau sup\u00e9rieur gr\u00e2ce \u00e0 nos lignes de production dot\u00e9es de machines de pointe capables de r\u00e9aliser des placages de chants, des jointures et des finitions de haute qualit\u00e9 \u00e0 un co\u00fbt raisonnable.  <\/p>\n\n\n\n<p>Dans ce contexte, nous travaillons tous les jours pour la flexibilit\u00e9, qui est essentielle dans le monde d&rsquo;aujourd&rsquo;hui, qui \u00e9volue rapidement. <br\/> <\/p>\n\n\n\n<div id=\"wp-block-themeisle-blocks-button-group-ed35fb3d\" class=\"wp-block-themeisle-blocks-button-group wp-block-buttons align-left ticss-4853a3c3\">\n<div id=\"wp-block-themeisle-blocks-button-3df8ab29\" class=\"wp-block-themeisle-blocks-button wp-block-button ticss-c20e420a is-style-outline\"><a class=\"wp-block-button__link\" href=\"https:\/\/s2spa.it\/fr\/le-processus\/\" target=\"_self\" rel=\"noopener noreferrer\"><i class=\"fas fa-fw fa-arrow-right margin-right\"><\/i>The Process<\/a><\/div>\n<\/div>\n<\/div>\n\n\n\n<div id=\"wp-block-themeisle-blocks-advanced-column-74c2a772\" class=\"wp-block-themeisle-blocks-advanced-column er_has_ken_burns\"><\/div>\n<\/div><div class=\"wp-block-themeisle-blocks-advanced-columns-separators bottom\"><svg id=\"slant\" fill=\"var(--nv-site-bg)\" viewBox=\"0 0 100 100\" width=\"100%\" height=\"100\" preserveAspectRatio=\"none\" xmlns=\"http:\/\/www.w3.org\/2000\/svg\" class=\"rotate\"><path d=\"M0 0 L100 100 L100 0 Z\"><\/path><\/svg><\/div><\/div>\n\n<div id=\"wp-block-themeisle-blocks-advanced-columns-9e0d297d\" class=\"wp-block-themeisle-blocks-advanced-columns alignfull has-2-columns has-desktop-equal-layout has-tablet-equal-layout has-mobile-collapsedRows-layout has-vertical-center has-default-gap has-dark-bg\"><div class=\"wp-block-themeisle-blocks-advanced-columns-overlay\"><\/div><div class=\"wp-block-themeisle-blocks-advanced-columns-separators top\"><svg id=\"slant\" fill=\"var(--nv-site-bg)\" viewBox=\"0 0 100 100\" width=\"100%\" height=\"100\" preserveAspectRatio=\"none\" xmlns=\"http:\/\/www.w3.org\/2000\/svg\" class=\"\"><path d=\"M0 0 L100 100 L100 0 Z\"><\/path><\/svg><\/div><div class=\"innerblocks-wrap\">\n<div id=\"wp-block-themeisle-blocks-advanced-column-a2ddd464\" class=\"wp-block-themeisle-blocks-advanced-column\">\n<h2 id=\"wp-block-themeisle-blocks-advanced-heading-7d2de6a2\" class=\"wp-block-themeisle-blocks-advanced-heading wp-block-themeisle-blocks-advanced-heading-7d2de6a2 ticss-41b9b363\">Des possibilit\u00e9s in\u00e9gal\u00e9es, livr\u00e9es<\/h2>\n<\/div>\n\n\n\n<div id=\"wp-block-themeisle-blocks-advanced-column-2cfb4eaa\" class=\"wp-block-themeisle-blocks-advanced-column\">\n<p class=\"ticss-a507d324 has-nv-site-bg-color has-text-color has-medium-font-size\">Au fil des ans, nous avons modernis\u00e9 notre site industriel de pointe, d\u00e9sormais capable de satisfaire les projets les plus exigeants, en associant une capacit\u00e9 de production flexible au savoir-faire le plus fin de nos artisans italiens.<\/p>\n<\/div>\n<\/div><\/div>\n\n<div id=\"wp-block-themeisle-blocks-advanced-columns-bf5f98ab\" class=\"wp-block-themeisle-blocks-advanced-columns alignfull has-4-columns has-desktop-equal-layout has-tablet-equal-layout has-mobile-collapsedRows-layout has-vertical-center has-dark-bg\"><div class=\"wp-block-themeisle-blocks-advanced-columns-overlay\"><\/div><div class=\"innerblocks-wrap\">\n<div id=\"wp-block-themeisle-blocks-advanced-column-026e0e3c\" class=\"wp-block-themeisle-blocks-advanced-column animated fadeIn faster\">\n<h3 id=\"wp-block-themeisle-blocks-advanced-heading-0876232f\" class=\"wp-block-themeisle-blocks-advanced-heading wp-block-themeisle-blocks-advanced-heading-0876232f\">45000<\/h3>\n\n\n\n<p class=\"has-nv-site-bg-color has-text-color\">M\u00e8tres carr\u00e9s de l&rsquo;installation industrielle<\/p>\n<\/div>\n\n\n\n<div id=\"wp-block-themeisle-blocks-advanced-column-57520f53\" class=\"wp-block-themeisle-blocks-advanced-column animated fadeIn delay-100ms faster\">\n<h3 id=\"wp-block-themeisle-blocks-advanced-heading-17a5bcaf\" class=\"wp-block-themeisle-blocks-advanced-heading wp-block-themeisle-blocks-advanced-heading-17a5bcaf\">8<\/h3>\n\n\n\n<p class=\"has-nv-site-bg-color has-text-color\">Unit\u00e9s de production et de conception int\u00e9gr\u00e9es<\/p>\n<\/div>\n\n\n\n<div id=\"wp-block-themeisle-blocks-advanced-column-e857e0bc\" class=\"wp-block-themeisle-blocks-advanced-column animated fadeIn delay-200ms faster\">\n<h3 id=\"wp-block-themeisle-blocks-advanced-heading-6d6abde2\" class=\"wp-block-themeisle-blocks-advanced-heading wp-block-themeisle-blocks-advanced-heading-6d6abde2\">231<\/h3>\n\n\n\n<p class=\"has-nv-site-bg-color has-text-color\">Des employ\u00e9s qualifi\u00e9s et tr\u00e8s engag\u00e9s<\/p>\n<\/div>\n\n\n\n<div id=\"wp-block-themeisle-blocks-advanced-column-28df6f0a\" class=\"wp-block-themeisle-blocks-advanced-column animated fadeIn delay-500ms faster\">\n<h3 id=\"wp-block-themeisle-blocks-advanced-heading-b404c578\" class=\"wp-block-themeisle-blocks-advanced-heading wp-block-themeisle-blocks-advanced-heading-b404c578\">28<\/h3>\n\n\n\n<p class=\"has-nv-site-bg-color has-text-color\">Qualified and highly-trained engineers<\/p>\n<\/div>\n<\/div><\/div>\n\n<div id=\"wp-block-themeisle-blocks-advanced-columns-52cd352b\" class=\"wp-block-themeisle-blocks-advanced-columns alignfull has-2-columns has-desktop-oneTwo-layout has-tablet-equal-layout has-mobile-collapsedRows-layout has-vertical-center ticss-1a56d178 er_full_height_left_column_section\"><div class=\"wp-block-themeisle-blocks-advanced-columns-overlay\"><\/div><div class=\"innerblocks-wrap\">\n<div id=\"wp-block-themeisle-blocks-advanced-column-cebf3bbc\" class=\"wp-block-themeisle-blocks-advanced-column er_has_ken_burns\"><\/div>\n\n\n\n<div id=\"wp-block-themeisle-blocks-advanced-column-b6528cf3\" class=\"wp-block-themeisle-blocks-advanced-column ticss-ca860704\">\n<p class=\"has-text-align-right has-neve-link-color-color has-text-color\">Les responsables de l&rsquo;am\u00e9nagement<\/p>\n\n\n\n<h2 id=\"wp-block-themeisle-blocks-advanced-heading-466c380d\" class=\"wp-block-themeisle-blocks-advanced-heading wp-block-themeisle-blocks-advanced-heading-466c380d ticss-cbefabf5\">Les <span style=\"color: #e53e28;\">chefs de file en mati\u00e8re d&rsquo;am\u00e9nagement<\/span> auxquels les grandes marques mondiales font confiance<\/h2>\n\n\n\n<p>Nous combinons une ing\u00e9nierie de pointe avec une installation impeccable, quel que soit le lieu. <\/p>\n\n\n\n<p>Nos ing\u00e9nieurs de projet ont des comp\u00e9tences sp\u00e9cifiques dans chaque secteur dans lequel nous op\u00e9rons, allant des r\u00e9sidences de luxe aux yachts ultimes, en passant par l&rsquo;h\u00f4tellerie 5 \u00e9toiles et plus, la vente au d\u00e9tail haut de gamme, les concessions automobiles et les espaces publics, jusqu&rsquo;aux salles d&rsquo;exposition d&rsquo;aviation. <\/p>\n\n\n\n<p>C&rsquo;est pourquoi nous avons \u00e9t\u00e9 charg\u00e9s de projets et d&rsquo;installations de plus en plus complexes comprenant des rev\u00eatements de sol, des plafonds et des bardages, int\u00e9grant plusieurs autres corps de m\u00e9tier.<\/p>\n<\/div>\n<\/div><\/div>\n\n<div id=\"wp-block-themeisle-blocks-advanced-columns-12f88a70\" class=\"wp-block-themeisle-blocks-advanced-columns alignfull has-2-columns has-desktop-twoOne-layout has-tablet-equal-layout has-mobile-collapsedRows-layout has-vertical-center er_full_height_right_column_section ticss-801415235\"><div class=\"wp-block-themeisle-blocks-advanced-columns-overlay\"><\/div><div class=\"innerblocks-wrap\">\n<div id=\"wp-block-themeisle-blocks-advanced-column-da340a1a\" class=\"wp-block-themeisle-blocks-advanced-column ticss-036e751235\">\n<p class=\"has-neve-link-color-color has-text-color\">Mobilier sous contrat<\/p>\n\n\n\n<h2 id=\"wp-block-themeisle-blocks-advanced-heading-007817b5\" class=\"wp-block-themeisle-blocks-advanced-heading wp-block-themeisle-blocks-advanced-heading-007817b5 ticss-00e5a07a\">Les <span style=\"color: #e53e28;\">partenaires de confiance<\/span> des marques les plus exigeantes au monde<\/h2>\n\n\n\n<p>Nous travaillons en partenariat avec les marques les plus renomm\u00e9es du march\u00e9 du mobilier haut de gamme pour la fabrication de meubles encastr\u00e9s et ind\u00e9pendants de classe mondiale. Gr\u00e2ce \u00e0 une capacit\u00e9 de production exceptionnelle, nous pouvons prendre en charge des travaux de toute taille.  <\/p>\n\n\n\n<p>La plupart des phases de production sont internes, y compris toutes les applications de finition de surface qui sont de plus en plus importantes pour obtenir un aspect exceptionnel.<\/p>\n\n\n\n<div id=\"wp-block-themeisle-blocks-button-group-b5948f9d\" class=\"wp-block-themeisle-blocks-button-group wp-block-buttons align-left\">\n<div id=\"wp-block-themeisle-blocks-button-e3753ae3\" class=\"wp-block-themeisle-blocks-button wp-block-button ticss-c20e420a is-style-outline\"><a class=\"wp-block-button__link\" href=\"https:\/\/s2spa.it\/fr\/le-processus\/\" target=\"_self\" rel=\"noopener noreferrer\"><i class=\"fas fa-fw fa-arrow-right margin-right\"><\/i>The Process<\/a><\/div>\n<\/div>\n<\/div>\n\n\n\n<div id=\"wp-block-themeisle-blocks-advanced-column-d59193f7\" class=\"wp-block-themeisle-blocks-advanced-column er_has_ken_burns\"><\/div>\n<\/div><\/div>\n\n<div id=\"wp-block-themeisle-blocks-advanced-columns-2c9ded11\" class=\"wp-block-themeisle-blocks-advanced-columns alignfull has-2-columns has-desktop-equal-layout has-tablet-equal-layout has-mobile-collapsedRows-layout has-vertical-center er_slanted_two_columns has-dark-bg\"><div class=\"wp-block-themeisle-blocks-advanced-columns-overlay\"><\/div><div class=\"innerblocks-wrap\">\n<div id=\"wp-block-themeisle-blocks-advanced-column-5afcd850\" class=\"wp-block-themeisle-blocks-advanced-column has-dark-bg\">\n<h2 id=\"wp-block-themeisle-blocks-advanced-heading-59273ddb\" class=\"wp-block-themeisle-blocks-advanced-heading wp-block-themeisle-blocks-advanced-heading-59273ddb ticss-497235f5\">\u0152uvre d&rsquo;art sur mesure, \u00e0 l&rsquo;italienne<\/h2>\n\n\n\n<p class=\"has-nv-text-dark-bg-color has-text-color\">Les meubles de luxe sont souvent des \u0153uvres d&rsquo;art adapt\u00e9es aux besoins individuels gr\u00e2ce \u00e0 un savoir-faire artisanal. Bespoke est notre service personnalis\u00e9 par excellence, qui vise \u00e0 offrir une excellence artisanale et des cr\u00e9ations uniques en leur genre. Les yachts de luxe sont la plus haute expression de cette production, exigeant la plus grande pr\u00e9cision et le soin du d\u00e9tail, ainsi que le respect des normes de qualit\u00e9 les plus \u00e9lev\u00e9es.  <\/p>\n<\/div>\n\n\n\n<div id=\"wp-block-themeisle-blocks-advanced-column-ac6e77f6\" class=\"wp-block-themeisle-blocks-advanced-column er_has_ken_burns ticss-444c9352\"><\/div>\n<\/div><\/div>\n\n<div id=\"wp-block-themeisle-blocks-advanced-columns-c4f28edb\" class=\"wp-block-themeisle-blocks-advanced-columns alignfull has-2-columns has-desktop-twoOne-layout has-tablet-equal-layout has-mobile-collapsedRows-layout has-vertical-unset\"><div class=\"wp-block-themeisle-blocks-advanced-columns-overlay\"><\/div><div class=\"innerblocks-wrap\">\n<div id=\"wp-block-themeisle-blocks-advanced-column-6ecac37a\" class=\"wp-block-themeisle-blocks-advanced-column\">\n<h2 id=\"wp-block-themeisle-blocks-advanced-heading-9362a493\" class=\"wp-block-themeisle-blocks-advanced-heading wp-block-themeisle-blocks-advanced-heading-9362a493 ticss-a126335f\">S2 propose \u00e0<span style=\"color: #e53e28;\"> la fois<\/span>\r\ndes processus de fabrication en <span style=\"color: #e53e28;\">grande s\u00e9rie et<\/span>\r\ndes processus de fabrication <span style=\"color: #e53e28;\">\u00e0 la t\u00e2che <\/span>pour l&rsquo;\u00e9chantillonnage, les petits lots et les productions sur mesure.<\/h2>\n<\/div>\n\n\n\n<div id=\"wp-block-themeisle-blocks-advanced-column-2a0c7790\" class=\"wp-block-themeisle-blocks-advanced-column\">\n<p class=\"ticss-8fdef464 has-medium-font-size\">Au fil des ans, nous avons int\u00e9gr\u00e9 le processus du job-shop \u00e0 nos principales lignes de production, devenant ainsi l&rsquo;un des rares fabricants europ\u00e9ens sur lesquels les entreprises haut de gamme peuvent compter du d\u00e9but \u00e0 la fin, tant pour les maquettes que pour la fabrication en grande s\u00e9rie.<\/p>\n\n\n\n<div id=\"wp-block-themeisle-blocks-button-group-325c7bee\" class=\"wp-block-themeisle-blocks-button-group wp-block-buttons\">\n<div id=\"wp-block-themeisle-blocks-button-bb0ea6c3\" class=\"wp-block-themeisle-blocks-button wp-block-button is-style-outline\"><a class=\"wp-block-button__link\" href=\"https:\/\/s2spa.it\/fr\/a-propos-de-nous\/\" target=\"_self\" rel=\"noopener noreferrer\"><i class=\"fas fa-fw fa-arrow-right margin-right\"><\/i>Learn more<\/a><\/div>\n<\/div>\n<\/div>\n<\/div><\/div>\n\n<p><\/p>\n","protected":false},"excerpt":{"rendered":"<p>S2 Spa est un important fabricant de meubles et un entrepreneur d&rsquo;int\u00e9rieurs haut de gamme, op\u00e9rant \u00e0 l&rsquo;\u00e9chelle mondiale depuis le centre de l&rsquo;Italie<\/p>\n","protected":false},"author":1,"featured_media":0,"parent":0,"menu_order":0,"comment_status":"closed","ping_status":"closed","template":"page-templates\/template-pagebuilder-full-width.php","meta":{"neve_meta_sidebar":"full-width","neve_meta_container":"","neve_meta_enable_content_width":"off","neve_meta_content_width":30,"neve_meta_title_alignment":"","neve_meta_author_avatar":"","neve_post_elements_order":"","neve_meta_disable_header":"","neve_meta_disable_footer":"off","neve_meta_disable_title":"on","neve_meta_reading_time":"","_themeisle_gutenberg_block_has_review":false,"footnotes":""},"class_list":["post-1898","page","type-page","status-publish","hentry"],"_links":{"self":[{"href":"https:\/\/s2spa.it\/fr\/wp-json\/wp\/v2\/pages\/1898","targetHints":{"allow":["GET"]}}],"collection":[{"href":"https:\/\/s2spa.it\/fr\/wp-json\/wp\/v2\/pages"}],"about":[{"href":"https:\/\/s2spa.it\/fr\/wp-json\/wp\/v2\/types\/page"}],"author":[{"embeddable":true,"href":"https:\/\/s2spa.it\/fr\/wp-json\/wp\/v2\/users\/1"}],"replies":[{"embeddable":true,"href":"https:\/\/s2spa.it\/fr\/wp-json\/wp\/v2\/comments?post=1898"}],"version-history":[{"count":3,"href":"https:\/\/s2spa.it\/fr\/wp-json\/wp\/v2\/pages\/1898\/revisions"}],"predecessor-version":[{"id":2074,"href":"https:\/\/s2spa.it\/fr\/wp-json\/wp\/v2\/pages\/1898\/revisions\/2074"}],"wp:attachment":[{"href":"https:\/\/s2spa.it\/fr\/wp-json\/wp\/v2\/media?parent=1898"}],"curies":[{"name":"wp","href":"https:\/\/api.w.org\/{rel}","templated":true}]}}