{"id":2018,"date":"2021-09-29T06:45:16","date_gmt":"2021-09-29T06:45:16","guid":{"rendered":"https:\/\/s2spa.it\/les-technologies\/"},"modified":"2025-01-29T00:35:43","modified_gmt":"2025-01-29T00:35:43","slug":"les-technologies","status":"publish","type":"page","link":"https:\/\/s2spa.it\/fr\/les-technologies\/","title":{"rendered":"Les technologies"},"content":{"rendered":"\n<div class=\"wp-block-themeisle-blocks-advanced-columns alignfull has-1-columns has-desktop-equal-layout has-tablet-equal-layout has-mobile-equal-layout has-wide-gap has-vertical-center\" id=\"wp-block-themeisle-blocks-advanced-columns-ad070be9\"><div class=\"wp-block-themeisle-blocks-advanced-columns-overlay\"><\/div><div class=\"innerblocks-wrap\">\n<div class=\"wp-block-themeisle-blocks-advanced-column\" id=\"wp-block-themeisle-blocks-advanced-column-40d76666\">\n<div class=\"wp-block-themeisle-blocks-service\">\n<h1 id=\"wp-block-themeisle-blocks-advanced-heading-1ff1c8f2\" class=\"wp-block-themeisle-blocks-advanced-heading wp-block-themeisle-blocks-advanced-heading-1ff1c8f2\">Les technologies<\/h1>\n<\/div>\n<\/div>\n<\/div><\/div>\n\n<div class=\"wp-block-themeisle-blocks-advanced-columns alignfull has-2-columns has-desktop-twoOne-layout has-tablet-equal-layout has-mobile-collapsedRows-layout has-wide-gap has-vertical-unset\" id=\"wp-block-themeisle-blocks-advanced-columns-476a0cf1\"><div class=\"wp-block-themeisle-blocks-advanced-columns-overlay\"><\/div><div class=\"innerblocks-wrap\">\n<div class=\"wp-block-themeisle-blocks-advanced-column\" id=\"wp-block-themeisle-blocks-advanced-column-eeb6a42e\">\n<h2 id=\"wp-block-themeisle-blocks-advanced-heading-3b97985f\" class=\"wp-block-themeisle-blocks-advanced-heading wp-block-themeisle-blocks-advanced-heading-3b97985f ticss-a126335f\">Des technologies de pointe,<span style=\"color:#e53e28\"> pour un large \u00e9ventail de services<\/span><\/h2>\n<\/div>\n\n\n\n<div class=\"wp-block-themeisle-blocks-advanced-column\" id=\"wp-block-themeisle-blocks-advanced-column-cb6ac2de\">\n<p class=\"ticss-8fdef464 has-medium-font-size\">Gr\u00e2ce \u00e0 notre exp\u00e9rience artisanale et aux technologies de pointe, nous travaillons avec une s\u00e9lection tr\u00e8s fine de mat\u00e9riaux exclusifs, du bois au cuir et de la pierre aux composites innovants.<\/p>\n<\/div>\n<\/div><\/div>\n\n<div class=\"wp-block-themeisle-blocks-advanced-columns has-2-columns has-desktop-equal-layout has-tablet-equal-layout has-mobile-collapsedRows-layout has-default-gap has-vertical-unset\" id=\"wp-block-themeisle-blocks-advanced-columns-9db9c43a\"><div class=\"wp-block-themeisle-blocks-advanced-columns-overlay\"><\/div><div class=\"innerblocks-wrap\">\n<div class=\"wp-block-themeisle-blocks-advanced-column\" id=\"wp-block-themeisle-blocks-advanced-column-3877078e\"><\/div>\n\n\n\n<div class=\"wp-block-themeisle-blocks-advanced-column\" id=\"wp-block-themeisle-blocks-advanced-column-302847ee\"><\/div>\n<\/div><\/div>\n\n<div class=\"wp-block-themeisle-blocks-advanced-columns alignfull has-2-columns has-desktop-equal-layout has-tablet-equal-layout has-mobile-collapsedRows-layout has-nogap-gap has-vertical-center ticss-9af854865e er_full_height_left_column_section\" id=\"wp-block-themeisle-blocks-advanced-columns-e6685486cf\"><div class=\"wp-block-themeisle-blocks-advanced-columns-overlay\"><\/div><div class=\"innerblocks-wrap\">\n<div class=\"wp-block-themeisle-blocks-advanced-column er_has_ken_burns\" id=\"wp-block-themeisle-blocks-advanced-column-62d6e6a9\"><\/div>\n\n\n\n<div class=\"wp-block-themeisle-blocks-advanced-column ticss-44e5159514\" id=\"wp-block-themeisle-blocks-advanced-column-11ddb6ed\">\n<h5 id=\"wp-block-themeisle-blocks-advanced-heading-1d3c42f6\" class=\"wp-block-themeisle-blocks-advanced-heading wp-block-themeisle-blocks-advanced-heading-1d3c42f6\">Bois<\/h5>\n\n\n\n<h2 id=\"wp-block-themeisle-blocks-advanced-heading-bfff897b\" class=\"wp-block-themeisle-blocks-advanced-heading wp-block-themeisle-blocks-advanced-heading-bfff897b ticss-a126335f\">Technologies de travail du bois<\/h2>\n\n\n\n<p class=\"has-text-align-right\">Nous offrons une gamme unique de services sp\u00e9cialis\u00e9s, de l&rsquo;assemblage des placages au placage des chants, en passant par le moulage et le d\u00e9tourage, la fabrication en interne de petits lots et de grandes s\u00e9ries.<\/p>\n<\/div>\n<\/div><\/div>\n\n<div class=\"wp-block-themeisle-blocks-advanced-columns alignfull has-2-columns has-desktop-twoOne-layout has-tablet-equal-layout has-mobile-collapsedRows-layout has-default-gap has-vertical-center er_full_height_right_column_section ticss-80147980\" id=\"wp-block-themeisle-blocks-advanced-columns-e5a61ba1\"><div class=\"wp-block-themeisle-blocks-advanced-columns-overlay\"><\/div><div class=\"innerblocks-wrap\">\n<div class=\"wp-block-themeisle-blocks-advanced-column ticss-036e4041\" id=\"wp-block-themeisle-blocks-advanced-column-50b9154d\">\n<h5 id=\"wp-block-themeisle-blocks-advanced-heading-9863ab1a\" class=\"wp-block-themeisle-blocks-advanced-heading wp-block-themeisle-blocks-advanced-heading-9863ab1a\">Bois<\/h5>\n\n\n\n<h2 id=\"wp-block-themeisle-blocks-advanced-heading-7bcc3b2b\" class=\"wp-block-themeisle-blocks-advanced-heading wp-block-themeisle-blocks-advanced-heading-7bcc3b2b ticss-00e5a07a\">Appariement des placages<\/h2>\n\n\n\n<p class=\"ticss-dcf3aa50\">Ce processus d\u00e9termine l&rsquo;esth\u00e9tique du produit et constitue l&rsquo;une des techniques les plus d\u00e9licates et complexes \u00e0 reproduire. Apr\u00e8s des contr\u00f4les de qualit\u00e9 minutieux, nos techniciens experts assemblent les placages, donnant ainsi vie aux lignes, aux motifs et aux formes g\u00e9om\u00e9triques. Et chaque joint est marqu\u00e9 de son propre num\u00e9ro d&rsquo;identification avant de passer \u00e0 l&rsquo;\u00e9tape suivante du traitement.  <\/p>\n<\/div>\n\n\n\n<div class=\"wp-block-themeisle-blocks-advanced-column er_has_ken_burns\" id=\"wp-block-themeisle-blocks-advanced-column-131f05b8\"><\/div>\n<\/div><\/div>\n\n<div class=\"wp-block-themeisle-blocks-advanced-columns alignfull has-2-columns has-desktop-equal-layout has-tablet-equal-layout has-mobile-collapsedRows-layout has-nogap-gap has-vertical-center ticss-9af8527e er_full_height_left_column_section\" id=\"wp-block-themeisle-blocks-advanced-columns-dfb15622a\"><div class=\"wp-block-themeisle-blocks-advanced-columns-overlay\"><\/div><div class=\"innerblocks-wrap\">\n<div class=\"wp-block-themeisle-blocks-advanced-column er_has_ken_burns\" id=\"wp-block-themeisle-blocks-advanced-column-642b922d\"><\/div>\n\n\n\n<div class=\"wp-block-themeisle-blocks-advanced-column ticss-44eccd85\" id=\"wp-block-themeisle-blocks-advanced-column-4f599d5a\">\n<h5 id=\"wp-block-themeisle-blocks-advanced-heading-fbe51b6f\" class=\"wp-block-themeisle-blocks-advanced-heading wp-block-themeisle-blocks-advanced-heading-fbe51b6f\">Bois<\/h5>\n\n\n\n<h2 id=\"wp-block-themeisle-blocks-advanced-heading-2a7af6d2\" class=\"wp-block-themeisle-blocks-advanced-heading wp-block-themeisle-blocks-advanced-heading-2a7af6d2 ticss-a126335f\">Fabrication par lots de taille unique<\/h2>\n\n\n\n<p class=\"has-text-align-right\">Une solution de pointe, compl\u00e8te et orient\u00e9e vers l&rsquo;avenir, est maintenant install\u00e9e dans notre usine pour une production par lots hautement productive et une fabrication flexible par lots de taille unique. <\/p>\n\n\n\n<p class=\"has-text-align-right\">Une solution pour la d\u00e9coupe de panneaux, le dimensionnement et le placage de chants, l&rsquo;usinage CNC ainsi que la manutention et le transport de panneaux \u00e0 base de bois en fonction des besoins, pr\u00eats \u00e0 \u00eatre perc\u00e9s et assembl\u00e9s, ce qui nous permet de r\u00e9pondre aux d\u00e9lais les plus exigeants.<\/p>\n<\/div>\n<\/div><\/div>\n\n<div class=\"wp-block-themeisle-blocks-advanced-columns alignfull has-1-columns has-desktop-equal-layout has-tablet-equal-layout has-mobile-equal-layout has-nogap-gap has-vertical-center er_has_ken_burns\" id=\"wp-block-themeisle-blocks-advanced-columns-436fe063\"><div class=\"wp-block-themeisle-blocks-advanced-columns-overlay\"><\/div><div class=\"innerblocks-wrap\">\n<div class=\"wp-block-themeisle-blocks-advanced-column\" id=\"wp-block-themeisle-blocks-advanced-column-1b0fe7ec\"><\/div>\n<\/div><\/div>\n\n<div class=\"wp-block-themeisle-blocks-advanced-columns alignfull has-2-columns has-desktop-equal-layout has-tablet-equal-layout has-mobile-collapsedRows-layout has-nogap-gap has-vertical-unset\" id=\"wp-block-themeisle-blocks-advanced-columns-555a0667\"><div class=\"wp-block-themeisle-blocks-advanced-columns-overlay\"><\/div><div class=\"innerblocks-wrap\">\n<div class=\"wp-block-themeisle-blocks-advanced-column\" id=\"wp-block-themeisle-blocks-advanced-column-0ea168c1\">\n<figure class=\"wp-block-image size-large animated fadeInUp fast ticss-cafeb46b\"><img loading=\"lazy\" decoding=\"async\" width=\"1024\" height=\"683\" src=\"https:\/\/s2spa.it\/wp-content\/uploads\/2021\/10\/gallery04-1024x683.jpg\" alt=\"\" class=\"wp-image-1301\" srcset=\"https:\/\/s2spa.it\/wp-content\/uploads\/2021\/10\/gallery04-1024x683.jpg 1024w, https:\/\/s2spa.it\/wp-content\/uploads\/2021\/10\/gallery04-300x200.jpg 300w, https:\/\/s2spa.it\/wp-content\/uploads\/2021\/10\/gallery04-768x512.jpg 768w, https:\/\/s2spa.it\/wp-content\/uploads\/2021\/10\/gallery04-1536x1024.jpg 1536w, https:\/\/s2spa.it\/wp-content\/uploads\/2021\/10\/gallery04-930x620.jpg 930w, https:\/\/s2spa.it\/wp-content\/uploads\/2021\/10\/gallery04.jpg 1600w\" sizes=\"auto, (max-width: 1024px) 100vw, 1024px\" \/><\/figure>\n<\/div>\n\n\n\n<div class=\"wp-block-themeisle-blocks-advanced-column\" id=\"wp-block-themeisle-blocks-advanced-column-abe07739\">\n<figure class=\"wp-block-image size-large animated fadeInUp delay-200ms fast ticss-0317ba65\"><img loading=\"lazy\" decoding=\"async\" width=\"1024\" height=\"683\" src=\"https:\/\/s2spa.it\/wp-content\/uploads\/2021\/10\/gallery03-1024x683.jpg\" alt=\"\" class=\"wp-image-1300\" srcset=\"https:\/\/s2spa.it\/wp-content\/uploads\/2021\/10\/gallery03-1024x683.jpg 1024w, https:\/\/s2spa.it\/wp-content\/uploads\/2021\/10\/gallery03-300x200.jpg 300w, https:\/\/s2spa.it\/wp-content\/uploads\/2021\/10\/gallery03-768x512.jpg 768w, https:\/\/s2spa.it\/wp-content\/uploads\/2021\/10\/gallery03-1536x1024.jpg 1536w, https:\/\/s2spa.it\/wp-content\/uploads\/2021\/10\/gallery03-930x620.jpg 930w, https:\/\/s2spa.it\/wp-content\/uploads\/2021\/10\/gallery03.jpg 1600w\" sizes=\"auto, (max-width: 1024px) 100vw, 1024px\" \/><\/figure>\n<\/div>\n<\/div><\/div>\n\n<div class=\"wp-block-themeisle-blocks-advanced-columns alignfull has-2-columns has-desktop-equal-layout has-tablet-equal-layout has-mobile-collapsedRows-layout has-nogap-gap has-vertical-unset\" id=\"wp-block-themeisle-blocks-advanced-columns-57ee92b2\"><div class=\"wp-block-themeisle-blocks-advanced-columns-overlay\"><\/div><div class=\"innerblocks-wrap\">\n<div class=\"wp-block-themeisle-blocks-advanced-column\" id=\"wp-block-themeisle-blocks-advanced-column-5bbba4e4\">\n<figure class=\"wp-block-image size-large animated fadeInUp fast\"><img loading=\"lazy\" decoding=\"async\" width=\"1024\" height=\"683\" src=\"https:\/\/s2spa.it\/wp-content\/uploads\/2021\/10\/gallery02-1024x683.jpg\" alt=\"\" class=\"wp-image-1299\" srcset=\"https:\/\/s2spa.it\/wp-content\/uploads\/2021\/10\/gallery02-1024x683.jpg 1024w, https:\/\/s2spa.it\/wp-content\/uploads\/2021\/10\/gallery02-300x200.jpg 300w, https:\/\/s2spa.it\/wp-content\/uploads\/2021\/10\/gallery02-768x512.jpg 768w, https:\/\/s2spa.it\/wp-content\/uploads\/2021\/10\/gallery02-1536x1024.jpg 1536w, https:\/\/s2spa.it\/wp-content\/uploads\/2021\/10\/gallery02-930x620.jpg 930w, https:\/\/s2spa.it\/wp-content\/uploads\/2021\/10\/gallery02.jpg 1600w\" sizes=\"auto, (max-width: 1024px) 100vw, 1024px\" \/><\/figure>\n<\/div>\n\n\n\n<div class=\"wp-block-themeisle-blocks-advanced-column\" id=\"wp-block-themeisle-blocks-advanced-column-248287dc\">\n<figure class=\"wp-block-image size-large animated fadeInUp delay-200ms fast\"><img loading=\"lazy\" decoding=\"async\" width=\"1024\" height=\"683\" src=\"https:\/\/s2spa.it\/wp-content\/uploads\/2021\/10\/gallery05-1024x683.jpg\" alt=\"\" class=\"wp-image-1302\" srcset=\"https:\/\/s2spa.it\/wp-content\/uploads\/2021\/10\/gallery05-1024x683.jpg 1024w, https:\/\/s2spa.it\/wp-content\/uploads\/2021\/10\/gallery05-300x200.jpg 300w, https:\/\/s2spa.it\/wp-content\/uploads\/2021\/10\/gallery05-768x512.jpg 768w, https:\/\/s2spa.it\/wp-content\/uploads\/2021\/10\/gallery05-1536x1024.jpg 1536w, https:\/\/s2spa.it\/wp-content\/uploads\/2021\/10\/gallery05-930x620.jpg 930w, https:\/\/s2spa.it\/wp-content\/uploads\/2021\/10\/gallery05.jpg 1600w\" sizes=\"auto, (max-width: 1024px) 100vw, 1024px\" \/><\/figure>\n<\/div>\n<\/div><\/div>\n\n<div class=\"wp-block-themeisle-blocks-advanced-columns alignfull has-2-columns has-desktop-oneTwo-layout has-tablet-equal-layout has-mobile-collapsedRows-layout has-default-gap has-vertical-center ticss-1a515218 er_full_height_left_column_section\" id=\"wp-block-themeisle-blocks-advanced-columns-15442ced3\"><div class=\"wp-block-themeisle-blocks-advanced-columns-overlay\"><\/div><div class=\"innerblocks-wrap\">\n<div class=\"wp-block-themeisle-blocks-advanced-column er_has_ken_burns\" id=\"wp-block-themeisle-blocks-advanced-column-438fa477\"><\/div>\n\n\n\n<div class=\"wp-block-themeisle-blocks-advanced-column ticss-ca1525104\" id=\"wp-block-themeisle-blocks-advanced-column-f6853a9e\">\n<h5 id=\"wp-block-themeisle-blocks-advanced-heading-67e1216f\" class=\"wp-block-themeisle-blocks-advanced-heading wp-block-themeisle-blocks-advanced-heading-67e1216f\">Pierre<\/h5>\n\n\n\n<h2 id=\"wp-block-themeisle-blocks-advanced-heading-0a98153f\" class=\"wp-block-themeisle-blocks-advanced-heading wp-block-themeisle-blocks-advanced-heading-0a98153f ticss-cbefabf5\">Traitement des brames<\/h2>\n\n\n\n<p class=\"has-text-align-right\">La pierre et le marbre sont de retour \u00e0 leur apog\u00e9e, c&rsquo;est pourquoi nous avons voulu nous assurer que tous les travaux peuvent \u00eatre r\u00e9alis\u00e9s en interne gr\u00e2ce \u00e0 une technologie de pointe. Une gamme de six machines de d\u00e9coupe \u00e0 jet d&rsquo;eau CNC \u00e0 7 axes, avec une pression sup\u00e9rieure \u00e0 6000 bars, peut fa\u00e7onner et d\u00e9couper des dalles et des blocs de pierre. Le r\u00e9sultat final est d\u00e9j\u00e0 tr\u00e8s lisse et pr\u00eat pour un pon\u00e7age fin. Le polissage et le cirage sont ensuite pris en charge par des lignes de polissage \u00e0 haut rendement. Dans le cas o\u00f9 un scellement permanent est n\u00e9cessaire, nous proposons notre proc\u00e9d\u00e9 brevet\u00e9 pour que la garantie \u00e0 vie soit certifi\u00e9e \u00e0 l&rsquo;origine.    <\/p>\n<\/div>\n<\/div><\/div>\n\n<div class=\"wp-block-themeisle-blocks-advanced-columns alignfull has-2-columns has-desktop-twoOne-layout has-tablet-equal-layout has-mobile-collapsedRows-layout has-default-gap has-vertical-center er_full_height_right_column_section ticss-80115654\" id=\"wp-block-themeisle-blocks-advanced-columns-1a51526b0\"><div class=\"wp-block-themeisle-blocks-advanced-columns-overlay\"><\/div><div class=\"innerblocks-wrap\">\n<div class=\"wp-block-themeisle-blocks-advanced-column ticss-03112241\" id=\"wp-block-themeisle-blocks-advanced-column-c118255c\">\n<h5 id=\"wp-block-themeisle-blocks-advanced-heading-d634880e\" class=\"wp-block-themeisle-blocks-advanced-heading wp-block-themeisle-blocks-advanced-heading-d634880e\">Pierre<\/h5>\n\n\n\n<h2 id=\"wp-block-themeisle-blocks-advanced-heading-c46732a6\" class=\"wp-block-themeisle-blocks-advanced-heading wp-block-themeisle-blocks-advanced-heading-c46732a6 ticss-00e5a07a\">Fa\u00e7onnage de la pierre<\/h2>\n\n\n\n<p class=\"ticss-dcf3aa50\">Aucun produit n&rsquo;est semblable \u00e0 un autre dans le monde sur mesure du mobilier design. Comme nous nous effor\u00e7ons toujours de r\u00e9pondre aux d\u00e9sirs et aux go\u00fbts de nos clients, nous avons envisag\u00e9 notre technologie comme un outil puissant pour nous assurer que cela se produise, m\u00eame lorsque la mati\u00e8re premi\u00e8re est diverse par nature. Par exemple, chaque plateau de table est configur\u00e9 sur une plaque de marbre \u00e0 l&rsquo;endroit o\u00f9 le client aime le plus les veines. Du sur mesure en standard !<br\/>   <\/p>\n\n\n\n<div class=\"wp-block-themeisle-blocks-button-group wp-block-buttons align-left\">\n\t<div id=\"wp-block-themeisle-blocks-button-b3c36c53\" class=\"wp-block-themeisle-blocks-button wp-block-button ticss-c20e420a is-style-outline\">\n\t\t<a href=\"https:\/\/www.youtube.com\/embed\/INDnVN4eTWQ?rel=0&#038;autoplay=1\" data-featherlight=\"iframe\" data-featherlight-iframe-frameborder=\"0\" data-featherlight-iframe-allow=\"autoplay; encrypted-media\" data-featherlight-iframe-allowfullscreen=\"true\" data-featherlight-iframe-style=\"display:block;border:none;height:85vh;width:85vw;\" target=\"_self\" rel=\"noopener noreferrer\" class=\"wp-block-button__link\" style=\"padding: 20px 40px;font-size: 18px;\">\n\t\t\t<i class=\"fas fa-fw fa-play margin-right\"><\/i>\n\t\t\t<span>Regardez la vid\u00e9o<\/span>\n\t\t<\/a>\n\t<\/div>\n<\/div>\n<\/div>\n\n\n\n<div class=\"wp-block-themeisle-blocks-advanced-column er_has_ken_burns\" id=\"wp-block-themeisle-blocks-advanced-column-d5c18c47\"><\/div>\n<\/div><\/div>\n\n<div class=\"wp-block-themeisle-blocks-advanced-columns alignfull has-1-columns has-desktop-equal-layout has-tablet-equal-layout has-mobile-equal-layout has-nogap-gap has-vertical-center\" id=\"er_inline_video\"><div class=\"wp-block-themeisle-blocks-advanced-columns-overlay\"><\/div><div class=\"innerblocks-wrap\">\n<div class=\"wp-block-themeisle-blocks-advanced-column\" id=\"wp-block-themeisle-blocks-advanced-column-7dfe6212\"><\/div>\n<\/div><\/div>\n\n<div class=\"wp-block-themeisle-blocks-advanced-columns alignfull has-2-columns has-desktop-twoOne-layout has-tablet-equal-layout has-mobile-collapsedRows-layout has-default-gap has-vertical-center er_full_height_right_column_section ticss-525215350\" id=\"wp-block-themeisle-blocks-advanced-columns-687774551ce\"><div class=\"wp-block-themeisle-blocks-advanced-columns-overlay\"><\/div><div class=\"innerblocks-wrap\">\n<div class=\"wp-block-themeisle-blocks-advanced-column ticss-036e4041\" id=\"wp-block-themeisle-blocks-advanced-column-65dbb89f\">\n<h5 id=\"wp-block-themeisle-blocks-advanced-heading-8f949d1e\" class=\"wp-block-themeisle-blocks-advanced-heading wp-block-themeisle-blocks-advanced-heading-8f949d1e\">Cuir<\/h5>\n\n\n\n<h2 id=\"wp-block-themeisle-blocks-advanced-heading-19171c9a\" class=\"wp-block-themeisle-blocks-advanced-heading wp-block-themeisle-blocks-advanced-heading-19171c9a ticss-00e5a07a\">Nouvelles technologies, <span style=\"color:#e53e28\">artisanat traditionnel<\/span>.<\/h2>\n\n\n\n<p>Nous nous approvisionnons en cuirs aupr\u00e8s des tanneries les plus modernes qui peuvent garantir la constance du tannage, de la teinture et de la finition avec un impact minimal sur l&rsquo;environnement et une s\u00e9curit\u00e9 maximale pour les travailleurs.<\/p>\n\n\n\n<p>La d\u00e9coupe au laser \u00e0 l&rsquo;aide de la technologie CAO permet ensuite de pr\u00e9parer les peaux pour nos artisans hautement qualifi\u00e9s et leur piquage manuel impeccable. C&rsquo;est ainsi que la plus grande attention aux d\u00e9tails est sp\u00e9cifiquement adapt\u00e9e aux go\u00fbts et aux exigences de nos clients. <\/p>\n<\/div>\n\n\n\n<div class=\"wp-block-themeisle-blocks-advanced-column er_has_ken_burns\" id=\"wp-block-themeisle-blocks-advanced-column-5e3fb88d\"><\/div>\n<\/div><\/div>\n\n<div class=\"wp-block-themeisle-blocks-advanced-columns alignfull has-2-columns has-desktop-equal-layout has-tablet-equal-layout has-mobile-collapsedRows-layout has-nogap-gap has-vertical-center ticss-9a5888774427c er_full_height_left_column_section\" id=\"wp-block-themeisle-blocks-advanced-columns-9c1879451561611\"><div class=\"wp-block-themeisle-blocks-advanced-columns-overlay\"><\/div><div class=\"innerblocks-wrap\">\n<div class=\"wp-block-themeisle-blocks-advanced-column er_has_ken_burns er_has_ken_burns_contained\" id=\"wp-block-themeisle-blocks-advanced-column-a3378961\"><\/div>\n\n\n\n<div class=\"wp-block-themeisle-blocks-advanced-column ticss-44eccd86\" id=\"wp-block-themeisle-blocks-advanced-column-4d6fd1dc\">\n<h5 id=\"wp-block-themeisle-blocks-advanced-heading-c4505d49\" class=\"wp-block-themeisle-blocks-advanced-heading wp-block-themeisle-blocks-advanced-heading-c4505d49\">M\u00e9tal, verre et composites<\/h5>\n\n\n\n<h2 id=\"wp-block-themeisle-blocks-advanced-heading-dc6feff9\" class=\"wp-block-themeisle-blocks-advanced-heading wp-block-themeisle-blocks-advanced-heading-dc6feff9 ticss-a126335f\">Int\u00e9gration de la technologie<\/h2>\n\n\n\n<p class=\"has-text-align-right\">La complexit\u00e9 accrue des meubles haut de gamme, o\u00f9 plusieurs mat\u00e9riaux doivent \u00eatre int\u00e9gr\u00e9s, a incit\u00e9 S2 \u00e0 int\u00e9grer une cha\u00eene d&rsquo;approvisionnement diversifi\u00e9e.<\/p>\n\n\n\n<p class=\"has-text-align-right\">Le fait d&rsquo;\u00eatre bas\u00e9 dans un cluster r\u00e9gional o\u00f9 la fabrication de produits de base est monnaie courante nous a permis de s\u00e9lectionner et de valider un nombre remarquable de fournisseurs, en veillant \u00e0 ce que chaque mission soit ex\u00e9cut\u00e9e de mani\u00e8re coh\u00e9rente en termes de qualit\u00e9 et de co\u00fbts.<\/p>\n\n\n\n<p> <\/p>\n<\/div>\n<\/div><\/div>\n\n<div class=\"wp-block-themeisle-blocks-advanced-columns alignfull has-2-columns has-desktop-twoOne-layout has-tablet-equal-layout has-mobile-collapsedRows-layout has-default-gap has-vertical-center er_full_height_right_column_section ticss-55141180\" id=\"wp-block-themeisle-blocks-advanced-columns-85485678db\"><div class=\"wp-block-themeisle-blocks-advanced-columns-overlay\"><\/div><div class=\"innerblocks-wrap\">\n<div class=\"wp-block-themeisle-blocks-advanced-column ticss-036e4041\" id=\"wp-block-themeisle-blocks-advanced-column-37dd3b71\">\n<h5 id=\"wp-block-themeisle-blocks-advanced-heading-f34d269a\" class=\"wp-block-themeisle-blocks-advanced-heading wp-block-themeisle-blocks-advanced-heading-f34d269a\">Finishing<\/h5>\n\n\n\n<h2 id=\"wp-block-themeisle-blocks-advanced-heading-6f82e5d1\" class=\"wp-block-themeisle-blocks-advanced-heading wp-block-themeisle-blocks-advanced-heading-6f82e5d1 ticss-00e5a07a\"><span style=\"color:#e53e28\">Technologies de finition<\/span> \u00e0 haute performance<\/h2>\n\n\n\n<p>La plupart des proc\u00e9d\u00e9s d&rsquo;alt\u00e9ration de la surface \u00e9taient initialement destin\u00e9s \u00e0 modifier l&rsquo;apparence du produit ou \u00e0 lui conf\u00e9rer une protection suppl\u00e9mentaire pour l&rsquo;usage quotidien auquel il \u00e9tait destin\u00e9. Ces proc\u00e9d\u00e9s ont \u00e9t\u00e9 amen\u00e9s \u00e0 un point tel que la finition fait d\u00e9sormais partie int\u00e9grante du produit lui-m\u00eame, modifiant son intention esth\u00e9tique.<br\/>En fonction des exigences de nos clients, nous proposons diff\u00e9rentes solutions de finition :<\/p>\n\n\n\n<ul style=\"list-style: unset;\">\n<li>une ligne de vernissage haute performance, o\u00f9 les machines de vernissage au rouleau et au rideau peuvent travailler conjointement ou ind\u00e9pendamment pour une flexibilit\u00e9 maximale ;<\/li>\n<li>des cabines de pulv\u00e9risation individuelles pour des travaux de tr\u00e8s haute qualit\u00e9 sur des formes complexes ;<\/li>\n<li>plusieurs unit\u00e9s de robot pour des applications r\u00e9p\u00e9t\u00e9es sur des formes courbes.<\/li>\n<\/ul>\n<\/div>\n\n\n\n<div class=\"wp-block-themeisle-blocks-advanced-column er_has_ken_burns\" id=\"wp-block-themeisle-blocks-advanced-column-69c0577c\"><\/div>\n<\/div><\/div>\n","protected":false},"excerpt":{"rendered":"<p>Nous travaillons avec la meilleure s\u00e9lection de mat\u00e9riaux exclusifs et utilisons des technologies de pointe pour fabriquer des int\u00e9rieurs qui d\u00e9passent toutes les attentes.<\/p>\n","protected":false},"author":1,"featured_media":0,"parent":0,"menu_order":0,"comment_status":"closed","ping_status":"closed","template":"page-templates\/template-pagebuilder-full-width.php","meta":{"neve_meta_sidebar":"full-width","neve_meta_container":"","neve_meta_enable_content_width":"on","neve_meta_content_width":100,"neve_meta_title_alignment":"","neve_meta_author_avatar":"","neve_post_elements_order":"","neve_meta_disable_header":"","neve_meta_disable_footer":"","neve_meta_disable_title":"on","neve_meta_reading_time":"","_themeisle_gutenberg_block_has_review":false,"footnotes":""},"class_list":["post-2018","page","type-page","status-publish","hentry"],"_links":{"self":[{"href":"https:\/\/s2spa.it\/fr\/wp-json\/wp\/v2\/pages\/2018","targetHints":{"allow":["GET"]}}],"collection":[{"href":"https:\/\/s2spa.it\/fr\/wp-json\/wp\/v2\/pages"}],"about":[{"href":"https:\/\/s2spa.it\/fr\/wp-json\/wp\/v2\/types\/page"}],"author":[{"embeddable":true,"href":"https:\/\/s2spa.it\/fr\/wp-json\/wp\/v2\/users\/1"}],"replies":[{"embeddable":true,"href":"https:\/\/s2spa.it\/fr\/wp-json\/wp\/v2\/comments?post=2018"}],"version-history":[{"count":1,"href":"https:\/\/s2spa.it\/fr\/wp-json\/wp\/v2\/pages\/2018\/revisions"}],"predecessor-version":[{"id":2041,"href":"https:\/\/s2spa.it\/fr\/wp-json\/wp\/v2\/pages\/2018\/revisions\/2041"}],"wp:attachment":[{"href":"https:\/\/s2spa.it\/fr\/wp-json\/wp\/v2\/media?parent=2018"}],"curies":[{"name":"wp","href":"https:\/\/api.w.org\/{rel}","templated":true}]}}