{"id":1860,"date":"2021-06-15T13:49:28","date_gmt":"2021-06-15T13:49:28","guid":{"rendered":"https:\/\/s2spa.it\/chi-siamo\/"},"modified":"2025-01-22T21:47:00","modified_gmt":"2025-01-22T21:47:00","slug":"chi-siamo","status":"publish","type":"page","link":"https:\/\/s2spa.it\/it\/chi-siamo\/","title":{"rendered":"Chi siamo"},"content":{"rendered":"\n<div class=\"wp-block-themeisle-blocks-advanced-columns alignfull has-1-columns has-desktop-equal-layout has-tablet-equal-layout has-mobile-equal-layout has-wide-gap has-vertical-center\" id=\"wp-block-themeisle-blocks-advanced-columns-ad070be9\"><div class=\"wp-block-themeisle-blocks-advanced-columns-overlay\"><\/div><div class=\"innerblocks-wrap\">\n<div class=\"wp-block-themeisle-blocks-advanced-column\" id=\"wp-block-themeisle-blocks-advanced-column-40d76666\">\n<div class=\"wp-block-themeisle-blocks-service\">\n<h1 id=\"wp-block-themeisle-blocks-advanced-heading-1ff1c8f2\" class=\"wp-block-themeisle-blocks-advanced-heading wp-block-themeisle-blocks-advanced-heading-1ff1c8f2\">Chi siamo<\/h1>\n<\/div>\n<\/div>\n<\/div><\/div>\n\n<div class=\"wp-block-themeisle-blocks-advanced-columns alignfull has-2-columns has-desktop-twoOne-layout has-tablet-equal-layout has-mobile-collapsedRows-layout has-wide-gap has-vertical-unset\" id=\"wp-block-themeisle-blocks-advanced-columns-476a0cf1\"><div class=\"wp-block-themeisle-blocks-advanced-columns-overlay\"><\/div><div class=\"innerblocks-wrap\">\n<div class=\"wp-block-themeisle-blocks-advanced-column\" id=\"wp-block-themeisle-blocks-advanced-column-eeb6a42e\">\n<h2 id=\"wp-block-themeisle-blocks-advanced-heading-3b97985f\" class=\"wp-block-themeisle-blocks-advanced-heading wp-block-themeisle-blocks-advanced-heading-3b97985f ticss-a126335f\">Indipendentemente dalla dimensione e dalla complessit\u00e0, <span style=\"color:#e53e28\">S2 \u00e8 il partner affidabile per trasformare un progetto in realt\u00e0,<\/span> scelto da marchi leader del design e del lusso a livello mondiale<\/h2>\n<\/div>\n\n\n\n<div class=\"wp-block-themeisle-blocks-advanced-column\" id=\"wp-block-themeisle-blocks-advanced-column-cb6ac2de\">\n<p class=\"ticss-8fdef464 has-medium-font-size\">Dal 1973, S2 \u00e8 orientata al miglioramento continuo per offrire progettazione e qualit\u00e0 di produzione di altissimo livello. <\/p>\n\n\n\n<p class=\"has-medium-font-size\">Grazie all\u2019evoluzione negli anni, mettiamo oggi a disposizione conoscenze e capacit\u00e0 artigianali scelte e valorizzate da leader mondiali nell&#8217;industria dell&#8217;arredamento, residenziale di lusso, automobilistica, e degli yacht.<\/p>\n<\/div>\n<\/div><\/div>\n\n<div class=\"wp-block-themeisle-blocks-advanced-columns has-2-columns has-desktop-equal-layout has-tablet-equal-layout has-mobile-collapsedRows-layout has-default-gap has-vertical-unset\" id=\"wp-block-themeisle-blocks-advanced-columns-21251ca1\"><div class=\"wp-block-themeisle-blocks-advanced-columns-overlay\"><\/div><div class=\"innerblocks-wrap\">\n<div class=\"wp-block-themeisle-blocks-advanced-column\" id=\"wp-block-themeisle-blocks-advanced-column-f64c749f\">\n<p class=\"has-medium-font-size\"><strong>La nostra storia inizia nel 1973<\/strong> quando Antonio e Urbano aprirono la loro bottega di artigiani del legno. I primi clienti erano affascinati nel vederli lavorare, ammirati dalla ricerca della perfezione in ogni aspetto. Dopo 49 anni, la famiglia Sartori rimane fedele ai valori che ci hanno ispirato fin dal primo giorno. <\/p>\n<\/div>\n\n\n\n<div class=\"wp-block-themeisle-blocks-advanced-column\" id=\"wp-block-themeisle-blocks-advanced-column-3a39c15f\">\n<p class=\"has-medium-font-size\"><strong>Siamo cresciuti, ci siamo evoluti, ma certamente non siamo cambiati.<\/strong> <\/p>\n\n\n\n<p class=\"has-medium-font-size\">Progettiamo, produciamo e installiamo con la stessa passione e capacit\u00e0, ma con tecnologie all&#8217;avanguardia.<\/p>\n<\/div>\n<\/div><\/div>\n\n<div class=\"wp-block-themeisle-blocks-advanced-columns alignfull has-2-columns has-desktop-equal-layout has-tablet-equal-layout has-mobile-collapsedRows-layout has-nogap-gap has-vertical-center ticss-9af8527e er_full_height_left_column_section\" id=\"wp-block-themeisle-blocks-advanced-columns-e6600ecf\"><div class=\"wp-block-themeisle-blocks-advanced-columns-overlay\"><\/div><div class=\"innerblocks-wrap\">\n<div class=\"wp-block-themeisle-blocks-advanced-column er_has_ken_burns er_has_ken_burns_contained\" id=\"wp-block-themeisle-blocks-advanced-column-62d6e6a9\"><\/div>\n\n\n\n<div class=\"wp-block-themeisle-blocks-advanced-column ticss-44eccd85\" id=\"wp-block-themeisle-blocks-advanced-column-11ddb6ed\">\n<h2 id=\"wp-block-themeisle-blocks-advanced-heading-bfff897b\" class=\"wp-block-themeisle-blocks-advanced-heading wp-block-themeisle-blocks-advanced-heading-bfff897b ticss-a126335f\">Professionisti appassionati<\/h2>\n\n\n\n<p>Siamo convinti che \u00e8 solo grazie alla dedizione, al talento e al lavoro dei nostri artigiani, ingegneri ed esperti di procurement che noi e i nostri clienti abbiamo potuto raggiungere i risultati sperati, superando spesso ogni aspettativa. <\/p>\n\n\n\n<p>Lavorando insieme e in stretta collaborazione con il cliente miriamo a raggiungere i risultati pi\u00f9 soddisfacenti. <\/p>\n<\/div>\n<\/div><\/div>\n\n<div class=\"wp-block-themeisle-blocks-advanced-columns alignfull has-2-columns has-desktop-twoOne-layout has-tablet-equal-layout has-mobile-collapsedRows-layout has-default-gap has-vertical-center er_full_height_right_column_section ticss-80147980\" id=\"wp-block-themeisle-blocks-advanced-columns-e5a61ba1\"><div class=\"wp-block-themeisle-blocks-advanced-columns-overlay\"><\/div><div class=\"innerblocks-wrap\">\n<div class=\"wp-block-themeisle-blocks-advanced-column ticss-036e4041\" id=\"wp-block-themeisle-blocks-advanced-column-50b9154d\">\n<h2 id=\"wp-block-themeisle-blocks-advanced-heading-7bcc3b2b\" class=\"wp-block-themeisle-blocks-advanced-heading wp-block-themeisle-blocks-advanced-heading-7bcc3b2b ticss-00e5a07a\">Approccio ecosostenibile<\/h2>\n\n\n\n<p class=\"ticss-dcf3aa50\">Con l\u2019obiettivo di ridurre i tempi di attraversamento e gestire con la massima efficienza un flusso produttivo crescentemente customizzato, abbiamo implementato un sistema integrato altamente automatizzato che, partendo dalla materia prima, arrivi al pannello semilavorato, pronto per le successive fasi di foratura, assemblaggio, imballo e spedizione. Vogliamo ridurre al massimo l\u2019impatto dell&#8217;industria sull\u2019ambiente e per questo abbiamo recentemente installato anche un impianto fotovoltaico di ultima generazione, che alimenta con energia rinnovabile i nostri stabilimenti. <\/p>\n\n\n\n<p class=\"ticss-dcf3aa50\">\u00a0<\/p>\n<\/div>\n\n\n\n<div class=\"wp-block-themeisle-blocks-advanced-column er_has_ken_burns\" id=\"wp-block-themeisle-blocks-advanced-column-131f05b8\"><\/div>\n<\/div><\/div>\n\n<div class=\"wp-block-themeisle-blocks-advanced-columns alignfull has-1-columns has-desktop-equal-layout has-tablet-equal-layout has-mobile-equal-layout has-nogap-gap has-vertical-center er_has_ken_burns\" id=\"wp-block-themeisle-blocks-advanced-columns-436fe063\"><div class=\"wp-block-themeisle-blocks-advanced-columns-overlay\"><\/div><div class=\"innerblocks-wrap\">\n<div class=\"wp-block-themeisle-blocks-advanced-column\" id=\"wp-block-themeisle-blocks-advanced-column-1b0fe7ec\"><\/div>\n<\/div><\/div>\n\n<div class=\"wp-block-themeisle-blocks-advanced-columns alignfull has-2-columns has-desktop-equal-layout has-tablet-equal-layout has-mobile-collapsedRows-layout has-nogap-gap has-vertical-unset\" id=\"wp-block-themeisle-blocks-advanced-columns-555a0667\"><div class=\"wp-block-themeisle-blocks-advanced-columns-overlay\"><\/div><div class=\"innerblocks-wrap\">\n<div class=\"wp-block-themeisle-blocks-advanced-column\" id=\"wp-block-themeisle-blocks-advanced-column-0ea168c1\">\n<figure class=\"wp-block-image size-large animated fadeInUp fast\"><img loading=\"lazy\" decoding=\"async\" width=\"1024\" height=\"1024\" src=\"https:\/\/s2spa.it\/wp-content\/uploads\/2021\/08\/ME13-1024x1024.jpg\" alt=\"\" class=\"wp-image-1063\" srcset=\"https:\/\/s2spa.it\/wp-content\/uploads\/2021\/08\/ME13-1024x1024.jpg 1024w, https:\/\/s2spa.it\/wp-content\/uploads\/2021\/08\/ME13-300x300.jpg 300w, https:\/\/s2spa.it\/wp-content\/uploads\/2021\/08\/ME13-150x150.jpg 150w, https:\/\/s2spa.it\/wp-content\/uploads\/2021\/08\/ME13-768x768.jpg 768w, https:\/\/s2spa.it\/wp-content\/uploads\/2021\/08\/ME13.jpg 1200w\" sizes=\"auto, (max-width: 1024px) 100vw, 1024px\" \/><\/figure>\n<\/div>\n\n\n\n<div class=\"wp-block-themeisle-blocks-advanced-column\" id=\"wp-block-themeisle-blocks-advanced-column-abe07739\">\n<figure class=\"wp-block-image size-large animated fadeInUp delay-200ms fast\"><img loading=\"lazy\" decoding=\"async\" width=\"1024\" height=\"1024\" src=\"https:\/\/s2spa.it\/wp-content\/uploads\/2021\/08\/G01-1024x1024.jpg\" alt=\"\" class=\"wp-image-1012\" srcset=\"https:\/\/s2spa.it\/wp-content\/uploads\/2021\/08\/G01-1024x1024.jpg 1024w, https:\/\/s2spa.it\/wp-content\/uploads\/2021\/08\/G01-300x300.jpg 300w, https:\/\/s2spa.it\/wp-content\/uploads\/2021\/08\/G01-150x150.jpg 150w, https:\/\/s2spa.it\/wp-content\/uploads\/2021\/08\/G01-768x768.jpg 768w, https:\/\/s2spa.it\/wp-content\/uploads\/2021\/08\/G01.jpg 1200w\" sizes=\"auto, (max-width: 1024px) 100vw, 1024px\" \/><\/figure>\n<\/div>\n<\/div><\/div>\n\n<div class=\"wp-block-themeisle-blocks-advanced-columns alignfull has-2-columns has-desktop-equal-layout has-tablet-equal-layout has-mobile-collapsedRows-layout has-nogap-gap has-vertical-unset\" id=\"wp-block-themeisle-blocks-advanced-columns-57ee92b2\"><div class=\"wp-block-themeisle-blocks-advanced-columns-overlay\"><\/div><div class=\"innerblocks-wrap\">\n<div class=\"wp-block-themeisle-blocks-advanced-column\" id=\"wp-block-themeisle-blocks-advanced-column-5bbba4e4\">\n<figure class=\"wp-block-image size-large animated fadeInUp fast\"><img loading=\"lazy\" decoding=\"async\" width=\"1024\" height=\"1024\" src=\"https:\/\/s2spa.it\/wp-content\/uploads\/2021\/08\/L10-1024x1024.jpg\" alt=\"\" class=\"wp-image-1024\" srcset=\"https:\/\/s2spa.it\/wp-content\/uploads\/2021\/08\/L10-1024x1024.jpg 1024w, https:\/\/s2spa.it\/wp-content\/uploads\/2021\/08\/L10-300x300.jpg 300w, https:\/\/s2spa.it\/wp-content\/uploads\/2021\/08\/L10-150x150.jpg 150w, https:\/\/s2spa.it\/wp-content\/uploads\/2021\/08\/L10-768x768.jpg 768w, https:\/\/s2spa.it\/wp-content\/uploads\/2021\/08\/L10.jpg 1200w\" sizes=\"auto, (max-width: 1024px) 100vw, 1024px\" \/><\/figure>\n<\/div>\n\n\n\n<div class=\"wp-block-themeisle-blocks-advanced-column\" id=\"wp-block-themeisle-blocks-advanced-column-248287dc\">\n<figure class=\"wp-block-image size-large animated fadeInUp delay-200ms fast\"><img loading=\"lazy\" decoding=\"async\" width=\"1024\" height=\"1024\" src=\"https:\/\/s2spa.it\/wp-content\/uploads\/2021\/08\/L07-1024x1024.jpg\" alt=\"\" class=\"wp-image-990\" srcset=\"https:\/\/s2spa.it\/wp-content\/uploads\/2021\/08\/L07-1024x1024.jpg 1024w, https:\/\/s2spa.it\/wp-content\/uploads\/2021\/08\/L07-300x300.jpg 300w, https:\/\/s2spa.it\/wp-content\/uploads\/2021\/08\/L07-150x150.jpg 150w, https:\/\/s2spa.it\/wp-content\/uploads\/2021\/08\/L07-768x768.jpg 768w, https:\/\/s2spa.it\/wp-content\/uploads\/2021\/08\/L07.jpg 1200w\" sizes=\"auto, (max-width: 1024px) 100vw, 1024px\" \/><\/figure>\n<\/div>\n<\/div><\/div>\n\n<div class=\"wp-block-themeisle-blocks-advanced-columns alignfull has-2-columns has-desktop-equal-layout has-tablet-equal-layout has-mobile-collapsedRows-layout has-default-gap has-vertical-center\" id=\"wp-block-themeisle-blocks-advanced-columns-ad9a054e\"><div class=\"wp-block-themeisle-blocks-advanced-columns-overlay\"><\/div><div class=\"wp-block-themeisle-blocks-advanced-columns-separators top\"><svg id=\"slant\" fill=\"var(--nv-site-bg)\" viewbox=\"0 0 100 100\" width=\"100%\" height=\"100\" preserveaspectratio=\"none\" xmlns=\"http:\/\/www.w3.org\/2000\/svg\" class=\"\"><path d=\"M0 0 L100 100 L100 0 Z\"><\/path><\/svg><\/div><div class=\"innerblocks-wrap\">\n<div class=\"wp-block-themeisle-blocks-advanced-column\" id=\"wp-block-themeisle-blocks-advanced-column-b4dcdebc\">\n<h2 id=\"wp-block-themeisle-blocks-advanced-heading-66966a59\" class=\"wp-block-themeisle-blocks-advanced-heading wp-block-themeisle-blocks-advanced-heading-66966a59 ticss-41b9b363\">Offriamo possibilit\u00e0 senza eguali<\/h2>\n<\/div>\n\n\n\n<div class=\"wp-block-themeisle-blocks-advanced-column\" id=\"wp-block-themeisle-blocks-advanced-column-4fdb63d4\">\n<p class=\"ticss-a507d324 has-nv-site-bg-color has-text-color has-medium-font-size\">Nel corso degli anni, abbiamo sviluppato un impianto industriale all&#8217;avanguardia in grado di soddisfare anche il progetto pi\u00f9 esigente, abbinando a una capacit\u00e0 produttiva flessibile, la maestria dei nostri artigiani tutti italiani.<\/p>\n<\/div>\n<\/div><\/div>\n\n<div class=\"wp-block-themeisle-blocks-advanced-columns alignfull has-4-columns has-desktop-equal-layout has-tablet-equal-layout has-mobile-collapsedRows-layout has-default-gap has-vertical-center\" id=\"wp-block-themeisle-blocks-advanced-columns-8469b2d0\"><div class=\"wp-block-themeisle-blocks-advanced-columns-overlay\"><\/div><div class=\"innerblocks-wrap\">\n<div class=\"wp-block-themeisle-blocks-advanced-column animated fadeIn faster\" id=\"wp-block-themeisle-blocks-advanced-column-96e1f7db\">\n<h3 id=\"wp-block-themeisle-blocks-advanced-heading-f18c9598\" class=\"wp-block-themeisle-blocks-advanced-heading wp-block-themeisle-blocks-advanced-heading-f18c9598\">45000<\/h3>\n\n\n\n<p class=\"has-nv-site-bg-color has-text-color\">Metri quadri di impianto industriale<\/p>\n<\/div>\n\n\n\n<div class=\"wp-block-themeisle-blocks-advanced-column animated fadeIn delay-100ms faster\" id=\"wp-block-themeisle-blocks-advanced-column-e027918d\">\n<h3 id=\"wp-block-themeisle-blocks-advanced-heading-e4a11583\" class=\"wp-block-themeisle-blocks-advanced-heading wp-block-themeisle-blocks-advanced-heading-e4a11583\">8<\/h3>\n\n\n\n<p class=\"has-nv-site-bg-color has-text-color\">Unit\u00e0 di produzione e progettazione integrate<\/p>\n<\/div>\n\n\n\n<div class=\"wp-block-themeisle-blocks-advanced-column animated fadeIn delay-200ms faster\" id=\"wp-block-themeisle-blocks-advanced-column-48572a88\">\n<h3 id=\"wp-block-themeisle-blocks-advanced-heading-636eda0b\" class=\"wp-block-themeisle-blocks-advanced-heading wp-block-themeisle-blocks-advanced-heading-636eda0b\">231<\/h3>\n\n\n\n<p class=\"has-nv-site-bg-color has-text-color\">Collaboratori altamente qualificati<\/p>\n<\/div>\n\n\n\n<div class=\"wp-block-themeisle-blocks-advanced-column animated fadeIn delay-500ms faster\" id=\"wp-block-themeisle-blocks-advanced-column-4e2dd903\">\n<h3 id=\"wp-block-themeisle-blocks-advanced-heading-a2d86c6e\" class=\"wp-block-themeisle-blocks-advanced-heading wp-block-themeisle-blocks-advanced-heading-a2d86c6e\">28<\/h3>\n\n\n\n<p class=\"has-nv-site-bg-color has-text-color\">Ingegneri specializzati nella progettazione<\/p>\n<\/div>\n<\/div><\/div>\n\n<div class=\"wp-block-themeisle-blocks-advanced-columns alignfull has-1-columns has-desktop-equal-layout has-tablet-equal-layout has-mobile-equal-layout has-nogap-gap has-vertical-center\" id=\"er_inline_video\"><div class=\"wp-block-themeisle-blocks-advanced-columns-overlay\"><\/div><div class=\"innerblocks-wrap\">\n<div class=\"wp-block-themeisle-blocks-advanced-column\" id=\"wp-block-themeisle-blocks-advanced-column-7dfe6212\"><\/div>\n<\/div><\/div>\n\n<div class=\"wp-block-themeisle-blocks-advanced-columns alignfull has-2-columns has-desktop-twoOne-layout has-tablet-equal-layout has-mobile-collapsedRows-layout has-wide-gap has-vertical-unset\" id=\"wp-block-themeisle-blocks-advanced-columns-52efee20\"><div class=\"wp-block-themeisle-blocks-advanced-columns-overlay\"><\/div><div class=\"innerblocks-wrap\">\n<div class=\"wp-block-themeisle-blocks-advanced-column\" id=\"wp-block-themeisle-blocks-advanced-column-177aa724\">\n<h2 id=\"wp-block-themeisle-blocks-advanced-heading-9d102bf0\" class=\"wp-block-themeisle-blocks-advanced-heading wp-block-themeisle-blocks-advanced-heading-9d102bf0 ticss-a126335f\">La stretta collaborazione dei <span style=\"color:#e53e28\">designer con i nostri progettisti e artigiani <\/span>permette esecuzioni impeccabili e consegne puntuali<\/h2>\n<\/div>\n\n\n\n<div class=\"wp-block-themeisle-blocks-advanced-column\" id=\"wp-block-themeisle-blocks-advanced-column-57948338\">\n<p>Negli anni settanta abbiamo iniziato come azienda di sola produzione. Tuttavia, la nostra passione per il design ci ha portato a investire in R&amp;S, desiderosi di metterci alla prova in progetti sempre pi\u00f9 complessi.<\/p>\n\n\n\n<p>Grazie a questo percorso, i nostri clienti possono oggi affidarsi a noi fin dalla progettazione e dai disegni esecutivi. <\/p>\n<\/div>\n<\/div><\/div>\n\n<div class=\"wp-block-themeisle-blocks-advanced-columns alignfull has-2-columns has-desktop-equal-layout has-tablet-equal-layout has-mobile-collapsedRows-layout has-nogap-gap has-vertical-center ticss-9af8527c er_full_height_left_column_section\" id=\"wp-block-themeisle-blocks-advanced-columns-9c1bbe21\"><div class=\"wp-block-themeisle-blocks-advanced-columns-overlay\"><\/div><div class=\"innerblocks-wrap\">\n<div class=\"wp-block-themeisle-blocks-advanced-column er_has_ken_burns er_has_ken_burns_contained\" id=\"wp-block-themeisle-blocks-advanced-column-a3378961\"><\/div>\n\n\n\n<div class=\"wp-block-themeisle-blocks-advanced-column ticss-44eccd86\" id=\"wp-block-themeisle-blocks-advanced-column-4d6fd1dc\">\n<h2 id=\"wp-block-themeisle-blocks-advanced-heading-dc6feff9\" class=\"wp-block-themeisle-blocks-advanced-heading wp-block-themeisle-blocks-advanced-heading-dc6feff9 ticss-a126335f\">Un&#8217;azienda integrata<\/h2>\n\n\n\n<p>Dai progetti preliminari in 3D e gli studi di fattibilit\u00e0 fino al supporto post vendita, S2 porta il vostro progetto da visione a prodotto di successo. <\/p>\n\n\n\n<p>I professionisti di S2 saranno con voi lungo tutto il processo, dagli studi di fattibilit\u00e0 iniziali al prodotto finito, assicurandosi che la vostra visione fluisca senza soluzione di continuit\u00e0 in un prodotto realizzato a regola d\u2019arte.<\/p>\n<\/div>\n<\/div><\/div>\n\n<div class=\"wp-block-themeisle-blocks-advanced-columns alignfull has-2-columns has-desktop-twoOne-layout has-tablet-equal-layout has-mobile-collapsedRows-layout has-wide-gap has-vertical-unset\" id=\"wp-block-themeisle-blocks-advanced-columns-d9c9eaa9\"><div class=\"wp-block-themeisle-blocks-advanced-columns-overlay\"><\/div><div class=\"innerblocks-wrap\">\n<div class=\"wp-block-themeisle-blocks-advanced-column\" id=\"wp-block-themeisle-blocks-advanced-column-a6f33f43\">\n<h2 id=\"wp-block-themeisle-blocks-advanced-heading-a216d833\" class=\"wp-block-themeisle-blocks-advanced-heading wp-block-themeisle-blocks-advanced-heading-a216d833 ticss-a126335f\"><span style=\"color:#e53e28\">Il valore umano prima di tutto, <\/span>con programmi di formazione costante e strette collaborazioni con prestigiose Universit\u00e0 italiane<\/h2>\n\n\n\n<figure class=\"wp-block-image size-large\"><img loading=\"lazy\" decoding=\"async\" width=\"800\" height=\"176\" src=\"https:\/\/s2spa.it\/wp-content\/uploads\/2021\/06\/Senza-titolo-1.png\" alt=\"\" class=\"wp-image-859\" srcset=\"https:\/\/s2spa.it\/wp-content\/uploads\/2021\/06\/Senza-titolo-1.png 800w, https:\/\/s2spa.it\/wp-content\/uploads\/2021\/06\/Senza-titolo-1-300x66.png 300w, https:\/\/s2spa.it\/wp-content\/uploads\/2021\/06\/Senza-titolo-1-768x169.png 768w\" sizes=\"auto, (max-width: 800px) 100vw, 800px\" \/><\/figure>\n<\/div>\n\n\n\n<div class=\"wp-block-themeisle-blocks-advanced-column\" id=\"wp-block-themeisle-blocks-advanced-column-23effd17\">\n<p class=\"ticss-8fdef464 has-medium-font-size\">Crediamo fermamente che le risorse umane siano il primo e principale asset di qualsiasi azienda: questo \u00e8 particolarmente vero per un&#8217;azienda come S2 che considera la qualit\u00e0 e l&#8217;impegno i valori pi\u00f9 importanti. <\/p>\n\n\n\n<p class=\"has-medium-font-size\">Una quota importante del nostro tempo dedicato all\u2019innovazione viene investita in incontri e collaborazioni con prestigiose Universit\u00e0 al fine di sviluppare la ricerca applicata ai materiali che utilizziamo. Questo ci ha anche permesso di stabilire una pipeline dell&#8217;innovazione che si traduce in grande valore aggiunto per il cliente e per l&#8217;utente finale.<\/p>\n<\/div>\n<\/div><\/div>\n","protected":false},"excerpt":{"rendered":"<p>Operando nei settori dell&#8217;arredamento di lusso, degli yacht e dell&#8217;automotive, S2 Spa \u00e8 il partner solido su cui i marchi leader mondiali fanno affidamento.<\/p>\n","protected":false},"author":1,"featured_media":0,"parent":0,"menu_order":0,"comment_status":"closed","ping_status":"closed","template":"page-templates\/template-pagebuilder-full-width.php","meta":{"neve_meta_sidebar":"full-width","neve_meta_container":"","neve_meta_enable_content_width":"on","neve_meta_content_width":100,"neve_meta_title_alignment":"","neve_meta_author_avatar":"","neve_post_elements_order":"","neve_meta_disable_header":"","neve_meta_disable_footer":"","neve_meta_disable_title":"on","neve_meta_reading_time":"","_themeisle_gutenberg_block_has_review":false,"footnotes":""},"class_list":["post-1860","page","type-page","status-publish","hentry"],"_links":{"self":[{"href":"https:\/\/s2spa.it\/it\/wp-json\/wp\/v2\/pages\/1860","targetHints":{"allow":["GET"]}}],"collection":[{"href":"https:\/\/s2spa.it\/it\/wp-json\/wp\/v2\/pages"}],"about":[{"href":"https:\/\/s2spa.it\/it\/wp-json\/wp\/v2\/types\/page"}],"author":[{"embeddable":true,"href":"https:\/\/s2spa.it\/it\/wp-json\/wp\/v2\/users\/1"}],"replies":[{"embeddable":true,"href":"https:\/\/s2spa.it\/it\/wp-json\/wp\/v2\/comments?post=1860"}],"version-history":[{"count":1,"href":"https:\/\/s2spa.it\/it\/wp-json\/wp\/v2\/pages\/1860\/revisions"}],"predecessor-version":[{"id":1861,"href":"https:\/\/s2spa.it\/it\/wp-json\/wp\/v2\/pages\/1860\/revisions\/1861"}],"wp:attachment":[{"href":"https:\/\/s2spa.it\/it\/wp-json\/wp\/v2\/media?parent=1860"}],"curies":[{"name":"wp","href":"https:\/\/api.w.org\/{rel}","templated":true}]}}