{"id":1864,"date":"2021-10-12T09:10:26","date_gmt":"2021-10-12T07:10:26","guid":{"rendered":"https:\/\/s2spa.it\/contatti\/"},"modified":"2025-02-10T10:21:58","modified_gmt":"2025-02-10T09:21:58","slug":"contatti","status":"publish","type":"page","link":"https:\/\/s2spa.it\/it\/contatti\/","title":{"rendered":"Contatti"},"content":{"rendered":"\n<div id=\"wp-block-themeisle-blocks-advanced-columns-ad070be9\" class=\"wp-block-themeisle-blocks-advanced-columns alignfull has-1-columns has-desktop-equal-layout has-tablet-equal-layout has-mobile-equal-layout has-vertical-center\"><div class=\"wp-block-themeisle-blocks-advanced-columns-overlay\"><\/div><div class=\"innerblocks-wrap\">\n<div id=\"wp-block-themeisle-blocks-advanced-column-40d76666\" class=\"wp-block-themeisle-blocks-advanced-column\">\n<div class=\"wp-block-themeisle-blocks-service\">\n<h1 id=\"wp-block-themeisle-blocks-advanced-heading-1ff1c8f2\" class=\"wp-block-themeisle-blocks-advanced-heading wp-block-themeisle-blocks-advanced-heading-1ff1c8f2\">Contattaci<\/h1>\n<\/div>\n<\/div>\n<\/div><\/div>\n\n<div id=\"wp-block-themeisle-blocks-advanced-columns-476a0cf1\" class=\"wp-block-themeisle-blocks-advanced-columns alignfull has-2-columns has-desktop-twoOne-layout has-tablet-equal-layout has-mobile-collapsedRows-layout has-vertical-unset\"><div class=\"wp-block-themeisle-blocks-advanced-columns-overlay\"><\/div><div class=\"innerblocks-wrap\">\n<div id=\"wp-block-themeisle-blocks-advanced-column-eeb6a42e\" class=\"wp-block-themeisle-blocks-advanced-column\">\n<h2 id=\"wp-block-themeisle-blocks-advanced-heading-3b97985f\" class=\"wp-block-themeisle-blocks-advanced-heading wp-block-themeisle-blocks-advanced-heading-3b97985f ticss-a126335f\">Siamo qui <span style=\"color: #e53e28;\">per aiutare a portare la forma alla funzione<\/span>, trasformando il vostro progetto in un futuro successo<\/h2>\n<\/div>\n\n\n\n<div id=\"wp-block-themeisle-blocks-advanced-column-cb6ac2de\" class=\"wp-block-themeisle-blocks-advanced-column\">\n<p class=\"ticss-8fdef464 has-medium-font-size\">La sede centrale di S2 Spa \u00e8 a <strong>Fermignano, Italia<\/strong>: operiamo a livello globale e collaboriamo con una rete di partner nel mondo.<\/p>\n\n\n\n<p class=\"has-medium-font-size\">Via Metauro 21<br\/>Fermignano PU<br\/>61033 Italy<br\/>T: +39 0722 332 177<br\/><span id=\"emailcontatti\">Email<\/span>\r\n<\/p><\/div>\n<\/div><\/div>\n\n<div id=\"wp-block-themeisle-blocks-advanced-columns-ea3156513\" class=\"wp-block-themeisle-blocks-advanced-columns alignfull has-1-columns has-desktop-equal-layout has-tablet-equal-layout has-mobile-collapsedRows-layout has-vertical-unset\"><div class=\"wp-block-themeisle-blocks-advanced-columns-overlay\"><\/div><div class=\"innerblocks-wrap\">\n<div id=\"wp-block-themeisle-blocks-advanced-column-bbb68892\" class=\"wp-block-themeisle-blocks-advanced-column\">\n<iframe src=\"https:\/\/www.google.com\/maps\/embed?pb=!1m18!1m12!1m3!1d11539.253317070135!2d12.654473603674296!3d43.6936440703352!2m3!1f0!2f0!3f0!3m2!1i1024!2i768!4f13.1!3m3!1m2!1s0x0%3A0x8ac0fe5ca19ee57b!2sS2%20S.p.A.!5e0!3m2!1sit!2sit!4v1634048495782!5m2!1sit!2sit&#038;z=15\" width=\"100%\" height=\"500\" style=\"border:0;\" allowfullscreen=\"\" loading=\"lazy\"><\/iframe>\r\n<\/div>\n<\/div><\/div>\n\n<div id=\"wp-block-themeisle-blocks-advanced-columns-436fe063\" class=\"wp-block-themeisle-blocks-advanced-columns alignfull has-1-columns has-desktop-equal-layout has-tablet-equal-layout has-mobile-equal-layout has-vertical-center er_has_ken_burns\"><div class=\"wp-block-themeisle-blocks-advanced-columns-overlay\"><\/div><div class=\"innerblocks-wrap\">\n<div id=\"wp-block-themeisle-blocks-advanced-column-1b0fe7ec\" class=\"wp-block-themeisle-blocks-advanced-column\"><\/div>\n<\/div><\/div>\n\n<div id=\"wp-block-themeisle-blocks-advanced-columns-555a0667\" class=\"wp-block-themeisle-blocks-advanced-columns alignfull has-2-columns has-desktop-equal-layout has-tablet-equal-layout has-mobile-collapsedRows-layout has-vertical-unset\"><div class=\"wp-block-themeisle-blocks-advanced-columns-overlay\"><\/div><div class=\"innerblocks-wrap\">\n<div id=\"wp-block-themeisle-blocks-advanced-column-0ea168c1\" class=\"wp-block-themeisle-blocks-advanced-column\">\n<figure class=\"wp-block-image size-large animated fadeInUp fast\"><img loading=\"lazy\" decoding=\"async\" width=\"1024\" height=\"1024\" src=\"https:\/\/s2spa.it\/wp-content\/uploads\/2021\/08\/L11-1024x1024.jpg\" alt=\"\" class=\"wp-image-1051\" srcset=\"https:\/\/s2spa.it\/wp-content\/uploads\/2021\/08\/L11-1024x1024.jpg 1024w, https:\/\/s2spa.it\/wp-content\/uploads\/2021\/08\/L11-300x300.jpg 300w, https:\/\/s2spa.it\/wp-content\/uploads\/2021\/08\/L11-150x150.jpg 150w, https:\/\/s2spa.it\/wp-content\/uploads\/2021\/08\/L11-768x768.jpg 768w, https:\/\/s2spa.it\/wp-content\/uploads\/2021\/08\/L11.jpg 1200w\" sizes=\"auto, (max-width: 1024px) 100vw, 1024px\" \/><\/figure>\n<\/div>\n\n\n\n<div id=\"wp-block-themeisle-blocks-advanced-column-abe07739\" class=\"wp-block-themeisle-blocks-advanced-column\">\n<figure class=\"wp-block-image size-large animated fadeInUp delay-200ms fast\"><img loading=\"lazy\" decoding=\"async\" width=\"1024\" height=\"1024\" src=\"https:\/\/s2spa.it\/wp-content\/uploads\/2021\/08\/G01-1024x1024.jpg\" alt=\"\" class=\"wp-image-1012\" srcset=\"https:\/\/s2spa.it\/wp-content\/uploads\/2021\/08\/G01-1024x1024.jpg 1024w, https:\/\/s2spa.it\/wp-content\/uploads\/2021\/08\/G01-300x300.jpg 300w, https:\/\/s2spa.it\/wp-content\/uploads\/2021\/08\/G01-150x150.jpg 150w, https:\/\/s2spa.it\/wp-content\/uploads\/2021\/08\/G01-768x768.jpg 768w, https:\/\/s2spa.it\/wp-content\/uploads\/2021\/08\/G01.jpg 1200w\" sizes=\"auto, (max-width: 1024px) 100vw, 1024px\" \/><\/figure>\n<\/div>\n<\/div><\/div>\n\n<div id=\"wp-block-themeisle-blocks-advanced-columns-57ee92b2\" class=\"wp-block-themeisle-blocks-advanced-columns alignfull has-2-columns has-desktop-equal-layout has-tablet-equal-layout has-mobile-collapsedRows-layout has-vertical-unset\"><div class=\"wp-block-themeisle-blocks-advanced-columns-overlay\"><\/div><div class=\"innerblocks-wrap\">\n<div id=\"wp-block-themeisle-blocks-advanced-column-5bbba4e4\" class=\"wp-block-themeisle-blocks-advanced-column\">\n<figure class=\"wp-block-image size-large animated fadeInUp fast\"><img loading=\"lazy\" decoding=\"async\" width=\"1024\" height=\"1024\" src=\"https:\/\/s2spa.it\/wp-content\/uploads\/2021\/08\/ME13-1024x1024.jpg\" alt=\"\" class=\"wp-image-1063\" srcset=\"https:\/\/s2spa.it\/wp-content\/uploads\/2021\/08\/ME13-1024x1024.jpg 1024w, https:\/\/s2spa.it\/wp-content\/uploads\/2021\/08\/ME13-300x300.jpg 300w, https:\/\/s2spa.it\/wp-content\/uploads\/2021\/08\/ME13-150x150.jpg 150w, https:\/\/s2spa.it\/wp-content\/uploads\/2021\/08\/ME13-768x768.jpg 768w, https:\/\/s2spa.it\/wp-content\/uploads\/2021\/08\/ME13.jpg 1200w\" sizes=\"auto, (max-width: 1024px) 100vw, 1024px\" \/><\/figure>\n<\/div>\n\n\n\n<div id=\"wp-block-themeisle-blocks-advanced-column-248287dc\" class=\"wp-block-themeisle-blocks-advanced-column\">\n<figure class=\"wp-block-image size-large animated fadeInUp delay-200ms fast\"><img loading=\"lazy\" decoding=\"async\" width=\"1024\" height=\"1024\" src=\"https:\/\/s2spa.it\/wp-content\/uploads\/2021\/08\/ME01-1024x1024.jpg\" alt=\"\" class=\"wp-image-1003\" srcset=\"https:\/\/s2spa.it\/wp-content\/uploads\/2021\/08\/ME01-1024x1024.jpg 1024w, https:\/\/s2spa.it\/wp-content\/uploads\/2021\/08\/ME01-300x300.jpg 300w, https:\/\/s2spa.it\/wp-content\/uploads\/2021\/08\/ME01-150x150.jpg 150w, https:\/\/s2spa.it\/wp-content\/uploads\/2021\/08\/ME01-768x768.jpg 768w, https:\/\/s2spa.it\/wp-content\/uploads\/2021\/08\/ME01.jpg 1200w\" sizes=\"auto, (max-width: 1024px) 100vw, 1024px\" \/><\/figure>\n<\/div>\n<\/div><\/div>\n\n<div id=\"wp-block-themeisle-blocks-advanced-columns-d9c9eaa9\" class=\"wp-block-themeisle-blocks-advanced-columns alignfull has-2-columns has-desktop-twoOne-layout has-tablet-equal-layout has-mobile-collapsedRows-layout has-vertical-unset\"><div class=\"wp-block-themeisle-blocks-advanced-columns-overlay\"><\/div><div class=\"innerblocks-wrap\">\n<div id=\"wp-block-themeisle-blocks-advanced-column-a6f33f43\" class=\"wp-block-themeisle-blocks-advanced-column\">\n<h2 id=\"wp-block-themeisle-blocks-advanced-heading-a216d833\" class=\"wp-block-themeisle-blocks-advanced-heading wp-block-themeisle-blocks-advanced-heading-a216d833 ticss-a126335f\"><span style=\"color: #e53e28;\">Il valore umano prima di tutto, <\/span>con programmi di formazione costante e strette collaborazioni con prestigiose Universit\u00e0 italiane<\/h2>\n\n\n\n<figure class=\"wp-block-image size-large\"><img loading=\"lazy\" decoding=\"async\" width=\"800\" height=\"176\" src=\"https:\/\/s2spa.it\/wp-content\/uploads\/2021\/06\/Senza-titolo-1.png\" alt=\"\" class=\"wp-image-859\" srcset=\"https:\/\/s2spa.it\/wp-content\/uploads\/2021\/06\/Senza-titolo-1.png 800w, https:\/\/s2spa.it\/wp-content\/uploads\/2021\/06\/Senza-titolo-1-300x66.png 300w, https:\/\/s2spa.it\/wp-content\/uploads\/2021\/06\/Senza-titolo-1-768x169.png 768w\" sizes=\"auto, (max-width: 800px) 100vw, 800px\" \/><\/figure>\n<\/div>\n\n\n\n<div id=\"wp-block-themeisle-blocks-advanced-column-23effd17\" class=\"wp-block-themeisle-blocks-advanced-column\">\n<p class=\"ticss-8fdef464 has-medium-font-size\">Crediamo fermamente che le risorse umane siano il primo e principale asset di qualsiasi azienda: questo \u00e8 particolarmente vero per un&#8217;azienda come S2 che considera la qualit\u00e0 e l&#8217;impegno i valori pi\u00f9 importanti. <\/p>\n\n\n\n<p class=\"has-medium-font-size\">Una quota importante del nostro tempo dedicato all\u2019innovazione viene investita in incontri e collaborazioni con prestigiose Universit\u00e0 al fine di sviluppare la ricerca applicata ai materiali che utilizziamo. Questo ci permette di stabilire una pipeline all&#8217;avanguardia che si traduce in un grande valore aggiunto per il cliente e l&#8217;utente finale.<\/p>\n<\/div>\n<\/div><\/div>\n","protected":false},"excerpt":{"rendered":"<p>Informazioni di contatto e indirizzi delle sedi S2 Spa del Centro Italia<\/p>\n","protected":false},"author":1,"featured_media":0,"parent":0,"menu_order":0,"comment_status":"closed","ping_status":"closed","template":"page-templates\/template-pagebuilder-full-width.php","meta":{"neve_meta_sidebar":"full-width","neve_meta_container":"","neve_meta_enable_content_width":"on","neve_meta_content_width":100,"neve_meta_title_alignment":"","neve_meta_author_avatar":"","neve_post_elements_order":"","neve_meta_disable_header":"","neve_meta_disable_footer":"","neve_meta_disable_title":"on","neve_meta_reading_time":"","_themeisle_gutenberg_block_has_review":false,"footnotes":""},"class_list":["post-1864","page","type-page","status-publish","hentry"],"_links":{"self":[{"href":"https:\/\/s2spa.it\/it\/wp-json\/wp\/v2\/pages\/1864","targetHints":{"allow":["GET"]}}],"collection":[{"href":"https:\/\/s2spa.it\/it\/wp-json\/wp\/v2\/pages"}],"about":[{"href":"https:\/\/s2spa.it\/it\/wp-json\/wp\/v2\/types\/page"}],"author":[{"embeddable":true,"href":"https:\/\/s2spa.it\/it\/wp-json\/wp\/v2\/users\/1"}],"replies":[{"embeddable":true,"href":"https:\/\/s2spa.it\/it\/wp-json\/wp\/v2\/comments?post=1864"}],"version-history":[{"count":4,"href":"https:\/\/s2spa.it\/it\/wp-json\/wp\/v2\/pages\/1864\/revisions"}],"predecessor-version":[{"id":2107,"href":"https:\/\/s2spa.it\/it\/wp-json\/wp\/v2\/pages\/1864\/revisions\/2107"}],"wp:attachment":[{"href":"https:\/\/s2spa.it\/it\/wp-json\/wp\/v2\/media?parent=1864"}],"curies":[{"name":"wp","href":"https:\/\/api.w.org\/{rel}","templated":true}]}}