{"id":2042,"date":"2021-09-29T06:45:16","date_gmt":"2021-09-29T06:45:16","guid":{"rendered":"https:\/\/s2spa.it\/le-tecnologie\/"},"modified":"2025-01-29T10:53:32","modified_gmt":"2025-01-29T10:53:32","slug":"le-tecnologie","status":"publish","type":"page","link":"https:\/\/s2spa.it\/it\/le-tecnologie\/","title":{"rendered":"Le tecnologie"},"content":{"rendered":"\n<div class=\"wp-block-themeisle-blocks-advanced-columns alignfull has-1-columns has-desktop-equal-layout has-tablet-equal-layout has-mobile-equal-layout has-wide-gap has-vertical-center\" id=\"wp-block-themeisle-blocks-advanced-columns-ad070be9\"><div class=\"wp-block-themeisle-blocks-advanced-columns-overlay\"><\/div><div class=\"innerblocks-wrap\">\n<div class=\"wp-block-themeisle-blocks-advanced-column\" id=\"wp-block-themeisle-blocks-advanced-column-40d76666\">\n<div class=\"wp-block-themeisle-blocks-service\">\n<h1 id=\"wp-block-themeisle-blocks-advanced-heading-1ff1c8f2\" class=\"wp-block-themeisle-blocks-advanced-heading wp-block-themeisle-blocks-advanced-heading-1ff1c8f2\">Le tecnologie<\/h1>\n<\/div>\n<\/div>\n<\/div><\/div>\n\n<div class=\"wp-block-themeisle-blocks-advanced-columns alignfull has-2-columns has-desktop-twoOne-layout has-tablet-equal-layout has-mobile-collapsedRows-layout has-wide-gap has-vertical-unset\" id=\"wp-block-themeisle-blocks-advanced-columns-476a0cf1\"><div class=\"wp-block-themeisle-blocks-advanced-columns-overlay\"><\/div><div class=\"innerblocks-wrap\">\n<div class=\"wp-block-themeisle-blocks-advanced-column\" id=\"wp-block-themeisle-blocks-advanced-column-eeb6a42e\">\n<h2 id=\"wp-block-themeisle-blocks-advanced-heading-3b97985f\" class=\"wp-block-themeisle-blocks-advanced-heading wp-block-themeisle-blocks-advanced-heading-3b97985f ticss-a126335f\">Tecnologie all&#8217;avanguardia, <span style=\"color:#e53e28\">per una vasta gamma di soluzioni<\/span><\/h2>\n<\/div>\n\n\n\n<div class=\"wp-block-themeisle-blocks-advanced-column\" id=\"wp-block-themeisle-blocks-advanced-column-cb6ac2de\">\n<p class=\"ticss-8fdef464 has-medium-font-size\">Grazie alla combinazione tra esperienza artigianale e tecnologie all\u2019 avanguardia, siamo in grado di lavorare i materiali pi\u00f9 esclusivi, dai legni alle pelli, dalle pietre ai compositi innovativi.<\/p>\n<\/div>\n<\/div><\/div>\n\n<div class=\"wp-block-themeisle-blocks-advanced-columns has-2-columns has-desktop-equal-layout has-tablet-equal-layout has-mobile-collapsedRows-layout has-default-gap has-vertical-unset\" id=\"wp-block-themeisle-blocks-advanced-columns-9db9c43a\"><div class=\"wp-block-themeisle-blocks-advanced-columns-overlay\"><\/div><div class=\"innerblocks-wrap\">\n<div class=\"wp-block-themeisle-blocks-advanced-column\" id=\"wp-block-themeisle-blocks-advanced-column-3877078e\"><\/div>\n\n\n\n<div class=\"wp-block-themeisle-blocks-advanced-column\" id=\"wp-block-themeisle-blocks-advanced-column-302847ee\"><\/div>\n<\/div><\/div>\n\n<div class=\"wp-block-themeisle-blocks-advanced-columns alignfull has-2-columns has-desktop-equal-layout has-tablet-equal-layout has-mobile-collapsedRows-layout has-nogap-gap has-vertical-center ticss-9af854865e er_full_height_left_column_section\" id=\"wp-block-themeisle-blocks-advanced-columns-e6685486cf\"><div class=\"wp-block-themeisle-blocks-advanced-columns-overlay\"><\/div><div class=\"innerblocks-wrap\">\n<div class=\"wp-block-themeisle-blocks-advanced-column er_has_ken_burns\" id=\"wp-block-themeisle-blocks-advanced-column-62d6e6a9\"><\/div>\n\n\n\n<div class=\"wp-block-themeisle-blocks-advanced-column ticss-44e5159514\" id=\"wp-block-themeisle-blocks-advanced-column-11ddb6ed\">\n<h5 id=\"wp-block-themeisle-blocks-advanced-heading-1d3c42f6\" class=\"wp-block-themeisle-blocks-advanced-heading wp-block-themeisle-blocks-advanced-heading-1d3c42f6\">Legno<\/h5>\n\n\n\n<h2 id=\"wp-block-themeisle-blocks-advanced-heading-bfff897b\" class=\"wp-block-themeisle-blocks-advanced-heading wp-block-themeisle-blocks-advanced-heading-bfff897b ticss-a126335f\">Tecnologie di lavorazione del legno<\/h2>\n\n\n\n<p class=\"has-text-align-right\">Offriamo una gamma unica di servizi specializzati, dall&#8217;impiallacciatura alla bordatura, allo stampaggio e alla fresatura, producendo internamente per piccoli lotti e grandi produzioni.<\/p>\n<\/div>\n<\/div><\/div>\n\n<div class=\"wp-block-themeisle-blocks-advanced-columns alignfull has-2-columns has-desktop-twoOne-layout has-tablet-equal-layout has-mobile-collapsedRows-layout has-default-gap has-vertical-center er_full_height_right_column_section ticss-80147980\" id=\"wp-block-themeisle-blocks-advanced-columns-e5a61ba1\"><div class=\"wp-block-themeisle-blocks-advanced-columns-overlay\"><\/div><div class=\"innerblocks-wrap\">\n<div class=\"wp-block-themeisle-blocks-advanced-column ticss-036e4041\" id=\"wp-block-themeisle-blocks-advanced-column-50b9154d\">\n<h5 id=\"wp-block-themeisle-blocks-advanced-heading-9863ab1a\" class=\"wp-block-themeisle-blocks-advanced-heading wp-block-themeisle-blocks-advanced-heading-9863ab1a\">Legno<\/h5>\n\n\n\n<h2 id=\"wp-block-themeisle-blocks-advanced-heading-7bcc3b2b\" class=\"wp-block-themeisle-blocks-advanced-heading wp-block-themeisle-blocks-advanced-heading-7bcc3b2b ticss-00e5a07a\">Giuntura tranciato<\/h2>\n\n\n\n<p class=\"ticss-dcf3aa50\">Questo processo determina l&#8217;estetica del prodotto ed \u00e8 una delle tecniche pi\u00f9 delicate e complesse da riprodurre. Dopo attenti controlli di qualit\u00e0 in ingresso, i nostri esperti tecnici abbinano e uniscono gli impiallacciati, dando vita a linee, disegni e forme geometriche. Ogni giuntura viene contrassegnata con il proprio numero identificativo prima di passare alla fase di lavorazione successiva.  <\/p>\n<\/div>\n\n\n\n<div class=\"wp-block-themeisle-blocks-advanced-column er_has_ken_burns\" id=\"wp-block-themeisle-blocks-advanced-column-131f05b8\"><\/div>\n<\/div><\/div>\n\n<div class=\"wp-block-themeisle-blocks-advanced-columns alignfull has-2-columns has-desktop-equal-layout has-tablet-equal-layout has-mobile-collapsedRows-layout has-nogap-gap has-vertical-center ticss-9af8527e er_full_height_left_column_section\" id=\"wp-block-themeisle-blocks-advanced-columns-dfb15622a\"><div class=\"wp-block-themeisle-blocks-advanced-columns-overlay\"><\/div><div class=\"innerblocks-wrap\">\n<div class=\"wp-block-themeisle-blocks-advanced-column er_has_ken_burns\" id=\"wp-block-themeisle-blocks-advanced-column-642b922d\"><\/div>\n\n\n\n<div class=\"wp-block-themeisle-blocks-advanced-column ticss-44eccd85\" id=\"wp-block-themeisle-blocks-advanced-column-4f599d5a\">\n<h5 id=\"wp-block-themeisle-blocks-advanced-heading-fbe51b6f\" class=\"wp-block-themeisle-blocks-advanced-heading wp-block-themeisle-blocks-advanced-heading-fbe51b6f\">Legno<\/h5>\n\n\n\n<h2 id=\"wp-block-themeisle-blocks-advanced-heading-2a7af6d2\" class=\"wp-block-themeisle-blocks-advanced-heading wp-block-themeisle-blocks-advanced-heading-2a7af6d2 ticss-a126335f\">Il bespoke industrializzato con le pi\u00f9 sofisticate tecnologie<\/h2>\n\n\n\n<p class=\"has-text-align-right\">Con l\u2019obiettivo di ridurre i tempi di attraversamento e gestire con la massima efficienza un flusso produttivo crescentemente customizzato, abbiamo implementato un sistema integrato altamente automatizzato che, partendo dalla materia prima, arrivi al pannello semilavorato, pronto per le successive fasi di foratura, assemblaggio, imballo e spedizione. <\/p>\n\n\n\n<p class=\"has-text-align-right\">Il sistema \u00e8 composto da una sezionatrice flessibile Schelling LS1 che, previo stoccaggio temporaneo in un buffer multipiano, alimenta l\u2019anello di squadrabordatura, dove i pannelli vengono squadrati e bordati sui lati necessari.<\/p>\n<\/div>\n<\/div><\/div>\n\n<div class=\"wp-block-themeisle-blocks-advanced-columns alignfull has-1-columns has-desktop-equal-layout has-tablet-equal-layout has-mobile-equal-layout has-nogap-gap has-vertical-center er_has_ken_burns\" id=\"wp-block-themeisle-blocks-advanced-columns-436fe063\"><div class=\"wp-block-themeisle-blocks-advanced-columns-overlay\"><\/div><div class=\"innerblocks-wrap\">\n<div class=\"wp-block-themeisle-blocks-advanced-column\" id=\"wp-block-themeisle-blocks-advanced-column-1b0fe7ec\"><\/div>\n<\/div><\/div>\n\n<div class=\"wp-block-themeisle-blocks-advanced-columns alignfull has-2-columns has-desktop-equal-layout has-tablet-equal-layout has-mobile-collapsedRows-layout has-nogap-gap has-vertical-unset\" id=\"wp-block-themeisle-blocks-advanced-columns-555a0667\"><div class=\"wp-block-themeisle-blocks-advanced-columns-overlay\"><\/div><div class=\"innerblocks-wrap\">\n<div class=\"wp-block-themeisle-blocks-advanced-column\" id=\"wp-block-themeisle-blocks-advanced-column-0ea168c1\">\n<figure class=\"wp-block-image size-large animated fadeInUp fast ticss-cafeb46b\"><img loading=\"lazy\" decoding=\"async\" width=\"1024\" height=\"683\" src=\"https:\/\/s2spa.it\/wp-content\/uploads\/2021\/10\/gallery04-1024x683.jpg\" alt=\"\" class=\"wp-image-1301\" srcset=\"https:\/\/s2spa.it\/wp-content\/uploads\/2021\/10\/gallery04-1024x683.jpg 1024w, https:\/\/s2spa.it\/wp-content\/uploads\/2021\/10\/gallery04-300x200.jpg 300w, https:\/\/s2spa.it\/wp-content\/uploads\/2021\/10\/gallery04-768x512.jpg 768w, https:\/\/s2spa.it\/wp-content\/uploads\/2021\/10\/gallery04-1536x1024.jpg 1536w, https:\/\/s2spa.it\/wp-content\/uploads\/2021\/10\/gallery04-930x620.jpg 930w, https:\/\/s2spa.it\/wp-content\/uploads\/2021\/10\/gallery04.jpg 1600w\" sizes=\"auto, (max-width: 1024px) 100vw, 1024px\" \/><\/figure>\n<\/div>\n\n\n\n<div class=\"wp-block-themeisle-blocks-advanced-column\" id=\"wp-block-themeisle-blocks-advanced-column-abe07739\">\n<figure class=\"wp-block-image size-large animated fadeInUp delay-200ms fast ticss-0317ba65\"><img loading=\"lazy\" decoding=\"async\" width=\"1024\" height=\"683\" src=\"https:\/\/s2spa.it\/wp-content\/uploads\/2021\/10\/gallery03-1024x683.jpg\" alt=\"\" class=\"wp-image-1300\" srcset=\"https:\/\/s2spa.it\/wp-content\/uploads\/2021\/10\/gallery03-1024x683.jpg 1024w, https:\/\/s2spa.it\/wp-content\/uploads\/2021\/10\/gallery03-300x200.jpg 300w, https:\/\/s2spa.it\/wp-content\/uploads\/2021\/10\/gallery03-768x512.jpg 768w, https:\/\/s2spa.it\/wp-content\/uploads\/2021\/10\/gallery03-1536x1024.jpg 1536w, https:\/\/s2spa.it\/wp-content\/uploads\/2021\/10\/gallery03-930x620.jpg 930w, https:\/\/s2spa.it\/wp-content\/uploads\/2021\/10\/gallery03.jpg 1600w\" sizes=\"auto, (max-width: 1024px) 100vw, 1024px\" \/><\/figure>\n<\/div>\n<\/div><\/div>\n\n<div class=\"wp-block-themeisle-blocks-advanced-columns alignfull has-2-columns has-desktop-equal-layout has-tablet-equal-layout has-mobile-collapsedRows-layout has-nogap-gap has-vertical-unset\" id=\"wp-block-themeisle-blocks-advanced-columns-57ee92b2\"><div class=\"wp-block-themeisle-blocks-advanced-columns-overlay\"><\/div><div class=\"innerblocks-wrap\">\n<div class=\"wp-block-themeisle-blocks-advanced-column\" id=\"wp-block-themeisle-blocks-advanced-column-5bbba4e4\">\n<figure class=\"wp-block-image size-large animated fadeInUp fast\"><img loading=\"lazy\" decoding=\"async\" width=\"1024\" height=\"683\" src=\"https:\/\/s2spa.it\/wp-content\/uploads\/2021\/10\/gallery02-1024x683.jpg\" alt=\"\" class=\"wp-image-1299\" srcset=\"https:\/\/s2spa.it\/wp-content\/uploads\/2021\/10\/gallery02-1024x683.jpg 1024w, https:\/\/s2spa.it\/wp-content\/uploads\/2021\/10\/gallery02-300x200.jpg 300w, https:\/\/s2spa.it\/wp-content\/uploads\/2021\/10\/gallery02-768x512.jpg 768w, https:\/\/s2spa.it\/wp-content\/uploads\/2021\/10\/gallery02-1536x1024.jpg 1536w, https:\/\/s2spa.it\/wp-content\/uploads\/2021\/10\/gallery02-930x620.jpg 930w, https:\/\/s2spa.it\/wp-content\/uploads\/2021\/10\/gallery02.jpg 1600w\" sizes=\"auto, (max-width: 1024px) 100vw, 1024px\" \/><\/figure>\n<\/div>\n\n\n\n<div class=\"wp-block-themeisle-blocks-advanced-column\" id=\"wp-block-themeisle-blocks-advanced-column-248287dc\">\n<figure class=\"wp-block-image size-large animated fadeInUp delay-200ms fast\"><img loading=\"lazy\" decoding=\"async\" width=\"1024\" height=\"683\" src=\"https:\/\/s2spa.it\/wp-content\/uploads\/2021\/10\/gallery05-1024x683.jpg\" alt=\"\" class=\"wp-image-1302\" srcset=\"https:\/\/s2spa.it\/wp-content\/uploads\/2021\/10\/gallery05-1024x683.jpg 1024w, https:\/\/s2spa.it\/wp-content\/uploads\/2021\/10\/gallery05-300x200.jpg 300w, https:\/\/s2spa.it\/wp-content\/uploads\/2021\/10\/gallery05-768x512.jpg 768w, https:\/\/s2spa.it\/wp-content\/uploads\/2021\/10\/gallery05-1536x1024.jpg 1536w, https:\/\/s2spa.it\/wp-content\/uploads\/2021\/10\/gallery05-930x620.jpg 930w, https:\/\/s2spa.it\/wp-content\/uploads\/2021\/10\/gallery05.jpg 1600w\" sizes=\"auto, (max-width: 1024px) 100vw, 1024px\" \/><\/figure>\n<\/div>\n<\/div><\/div>\n\n<div class=\"wp-block-themeisle-blocks-advanced-columns alignfull has-2-columns has-desktop-oneTwo-layout has-tablet-equal-layout has-mobile-collapsedRows-layout has-default-gap has-vertical-center ticss-1a515218 er_full_height_left_column_section\" id=\"wp-block-themeisle-blocks-advanced-columns-15442ced3\"><div class=\"wp-block-themeisle-blocks-advanced-columns-overlay\"><\/div><div class=\"innerblocks-wrap\">\n<div class=\"wp-block-themeisle-blocks-advanced-column er_has_ken_burns\" id=\"wp-block-themeisle-blocks-advanced-column-438fa477\"><\/div>\n\n\n\n<div class=\"wp-block-themeisle-blocks-advanced-column ticss-ca1525104\" id=\"wp-block-themeisle-blocks-advanced-column-f6853a9e\">\n<h5 id=\"wp-block-themeisle-blocks-advanced-heading-67e1216f\" class=\"wp-block-themeisle-blocks-advanced-heading wp-block-themeisle-blocks-advanced-heading-67e1216f\">Marmo<\/h5>\n\n\n\n<h2 id=\"wp-block-themeisle-blocks-advanced-heading-0a98153f\" class=\"wp-block-themeisle-blocks-advanced-heading wp-block-themeisle-blocks-advanced-heading-0a98153f ticss-cbefabf5\">Lavorazione delle lastre<\/h2>\n\n\n\n<p class=\"has-text-align-right\">La pietra e il marmo sono tornati nel loro periodo d&#8217;oro, ecco perch\u00e9 abbiamo voluto assicurarci che qualsiasi lavoro possa essere realizzato internamente e con tecnologie all&#8217;avanguardia. La nostra linea di sei macchine da taglio a getto d&#8217;acqua CNC a 7 assi con una pressione superiore a 6000 bar, \u00e8 in grado di tagliare e modellare lastre e blocchi di marmo. Il risultato \u00e8 un prodotto gi\u00e0 pronto per la levigatura. La lucidatura e la ceratura sono poi affidate a linee di lucidatura ad alto rendimento. Nel caso in cui, invece, sia necessario un sigillante permanente, grazie al nostro processo proprietario ci assicuriamo che la garanzia a vita del prodotto sia certificata all&#8217;origine.    <\/p>\n<\/div>\n<\/div><\/div>\n\n<div class=\"wp-block-themeisle-blocks-advanced-columns alignfull has-2-columns has-desktop-twoOne-layout has-tablet-equal-layout has-mobile-collapsedRows-layout has-default-gap has-vertical-center er_full_height_right_column_section ticss-80115654\" id=\"wp-block-themeisle-blocks-advanced-columns-1a51526b0\"><div class=\"wp-block-themeisle-blocks-advanced-columns-overlay\"><\/div><div class=\"innerblocks-wrap\">\n<div class=\"wp-block-themeisle-blocks-advanced-column ticss-03112241\" id=\"wp-block-themeisle-blocks-advanced-column-c118255c\">\n<h5 id=\"wp-block-themeisle-blocks-advanced-heading-d634880e\" class=\"wp-block-themeisle-blocks-advanced-heading wp-block-themeisle-blocks-advanced-heading-d634880e\">Marmo<\/h5>\n\n\n\n<h2 id=\"wp-block-themeisle-blocks-advanced-heading-c46732a6\" class=\"wp-block-themeisle-blocks-advanced-heading wp-block-themeisle-blocks-advanced-heading-c46732a6 ticss-00e5a07a\">Dare forma alla pietra<\/h2>\n\n\n\n<p class=\"ticss-dcf3aa50\">Nessun prodotto \u00e8 uguale all&#8217;altro nel mondo su misura dei mobili di design. Per soddisfare sempre i desideri e incontrare i gusti dei nostri clienti abbiamo immaginato la nostra tecnologia come uno strumento per assicurarci che questo avvenga anche quando la materia prima \u00e8 eterogenea per natura. Per esempio, nei tavoli, ogni singolo piano \u00e8 configurato su una lastra di marmo proprio dove al cliente piace di pi\u00f9 la venatura. Il Bespoke \u00e8 il nostro standard!   <\/p>\n\n\n\n<div class=\"wp-block-themeisle-blocks-button-group wp-block-buttons align-left\">\n\t<div id=\"wp-block-themeisle-blocks-button-b3c36c53\" class=\"wp-block-themeisle-blocks-button wp-block-button ticss-c20e420a is-style-outline\">\n\t\t<a href=\"https:\/\/www.youtube.com\/embed\/INDnVN4eTWQ?rel=0&#038;autoplay=1\" data-featherlight=\"iframe\" data-featherlight-iframe-frameborder=\"0\" data-featherlight-iframe-allow=\"autoplay; encrypted-media\" data-featherlight-iframe-allowfullscreen=\"true\" data-featherlight-iframe-style=\"display:block;border:none;height:85vh;width:85vw;\" target=\"_self\" rel=\"noopener noreferrer\" class=\"wp-block-button__link\" style=\"padding: 20px 40px;font-size: 18px;\">\n\t\t\t<i class=\"fas fa-fw fa-play margin-right\"><\/i>\n\t\t\t<span>Guarda il video<\/span>\n\t\t<\/a>\n\t<\/div>\n<\/div>\n<\/div>\n\n\n\n<div class=\"wp-block-themeisle-blocks-advanced-column er_has_ken_burns\" id=\"wp-block-themeisle-blocks-advanced-column-d5c18c47\"><\/div>\n<\/div><\/div>\n\n<div class=\"wp-block-themeisle-blocks-advanced-columns alignfull has-1-columns has-desktop-equal-layout has-tablet-equal-layout has-mobile-equal-layout has-nogap-gap has-vertical-center\" id=\"er_inline_video\"><div class=\"wp-block-themeisle-blocks-advanced-columns-overlay\"><\/div><div class=\"innerblocks-wrap\">\n<div class=\"wp-block-themeisle-blocks-advanced-column\" id=\"wp-block-themeisle-blocks-advanced-column-7dfe6212\"><\/div>\n<\/div><\/div>\n\n<div class=\"wp-block-themeisle-blocks-advanced-columns alignfull has-2-columns has-desktop-twoOne-layout has-tablet-equal-layout has-mobile-collapsedRows-layout has-default-gap has-vertical-center er_full_height_right_column_section ticss-525215350\" id=\"wp-block-themeisle-blocks-advanced-columns-687774551ce\"><div class=\"wp-block-themeisle-blocks-advanced-columns-overlay\"><\/div><div class=\"innerblocks-wrap\">\n<div class=\"wp-block-themeisle-blocks-advanced-column ticss-036e4041\" id=\"wp-block-themeisle-blocks-advanced-column-65dbb89f\">\n<h5 id=\"wp-block-themeisle-blocks-advanced-heading-8f949d1e\" class=\"wp-block-themeisle-blocks-advanced-heading wp-block-themeisle-blocks-advanced-heading-8f949d1e\">Pelle<\/h5>\n\n\n\n<h2 id=\"wp-block-themeisle-blocks-advanced-heading-19171c9a\" class=\"wp-block-themeisle-blocks-advanced-heading wp-block-themeisle-blocks-advanced-heading-19171c9a ticss-00e5a07a\">Nuove tecnologie, <span style=\"color:#e53e28\">tradizione artigianale<\/span><\/h2>\n\n\n\n<p>Ci riforniamo di pelli dalle concerie pi\u00f9 avanzate per garantire l\u2019uniformit\u00e0 della concia, della tintura e della finitura con il minimo impatto ambientale e la massima sicurezza dei lavoratori.<\/p>\n\n\n\n<p>Il taglio al laser con tecnologia CAD rende poi le pelli pronte per i nostri artigiani altamente qualificati e le loro impeccabili cuciture a mano. E&#8217; cos\u00ec che la massima attenzione ai dettagli viene adattata specificamente ai gusti e alle esigenze dei nostri clienti. <\/p>\n<\/div>\n\n\n\n<div class=\"wp-block-themeisle-blocks-advanced-column er_has_ken_burns\" id=\"wp-block-themeisle-blocks-advanced-column-5e3fb88d\"><\/div>\n<\/div><\/div>\n\n<div class=\"wp-block-themeisle-blocks-advanced-columns alignfull has-2-columns has-desktop-equal-layout has-tablet-equal-layout has-mobile-collapsedRows-layout has-nogap-gap has-vertical-center ticss-9a5888774427c er_full_height_left_column_section\" id=\"wp-block-themeisle-blocks-advanced-columns-9c1879451561611\"><div class=\"wp-block-themeisle-blocks-advanced-columns-overlay\"><\/div><div class=\"innerblocks-wrap\">\n<div class=\"wp-block-themeisle-blocks-advanced-column er_has_ken_burns er_has_ken_burns_contained\" id=\"wp-block-themeisle-blocks-advanced-column-a3378961\"><\/div>\n\n\n\n<div class=\"wp-block-themeisle-blocks-advanced-column ticss-44eccd86\" id=\"wp-block-themeisle-blocks-advanced-column-4d6fd1dc\">\n<h5 id=\"wp-block-themeisle-blocks-advanced-heading-c4505d49\" class=\"wp-block-themeisle-blocks-advanced-heading wp-block-themeisle-blocks-advanced-heading-c4505d49\">Metallo, vetro e compositi<\/h5>\n\n\n\n<h2 id=\"wp-block-themeisle-blocks-advanced-heading-dc6feff9\" class=\"wp-block-themeisle-blocks-advanced-heading wp-block-themeisle-blocks-advanced-heading-dc6feff9 ticss-a126335f\">Integrazione di tecnologie<\/h2>\n\n\n\n<p class=\"has-text-align-right\">La crescente complessit\u00e0 dei mobili di fascia alta, composti da diversi materiali, \u00e8 stata la forza trainante per integrare una supply chain diversificata.<\/p>\n\n\n\n<p class=\"has-text-align-right\">Essere inseriti in un cluster regionale dove l\u2019attivit\u00e0 principale \u00e8 la produzione di componentistica ci ha aiutato a selezionare un numero consistente di fornitori, assicurandoci che ogni commessa venga svolta in modo coerente in termini di qualit\u00e0 e costi.<\/p>\n\n\n\n<p> <\/p>\n<\/div>\n<\/div><\/div>\n\n<div class=\"wp-block-themeisle-blocks-advanced-columns alignfull has-2-columns has-desktop-twoOne-layout has-tablet-equal-layout has-mobile-collapsedRows-layout has-default-gap has-vertical-center er_full_height_right_column_section ticss-55141180\" id=\"wp-block-themeisle-blocks-advanced-columns-85485678db\"><div class=\"wp-block-themeisle-blocks-advanced-columns-overlay\"><\/div><div class=\"innerblocks-wrap\">\n<div class=\"wp-block-themeisle-blocks-advanced-column ticss-036e4041\" id=\"wp-block-themeisle-blocks-advanced-column-37dd3b71\">\n<h5 id=\"wp-block-themeisle-blocks-advanced-heading-f34d269a\" class=\"wp-block-themeisle-blocks-advanced-heading wp-block-themeisle-blocks-advanced-heading-f34d269a\">Finishing<\/h5>\n\n\n\n<h2 id=\"wp-block-themeisle-blocks-advanced-heading-6f82e5d1\" class=\"wp-block-themeisle-blocks-advanced-heading wp-block-themeisle-blocks-advanced-heading-6f82e5d1 ticss-00e5a07a\"><span style=\"color:#e53e28\">Tecnologie di finitura<\/span> ad alte prestazioni<\/h2>\n\n\n\n<p>La maggior parte dei processi di finitura delle superfici erano inizialmente pensati per cambiare l&#8217;aspetto del prodotto o dare una protezione aggiuntiva per l\u2019 uso quotidiano.<br\/>Ora la finitura \u00e8 parte integrante del prodotto stesso, aggiungendo valore estetico al design.<br\/>In linea con le esigenze dei nostri clienti, offriamo diverse soluzioni di finitura: <\/p>\n\n\n\n<ul style=\"list-style: unset;\">\n<li>una linea di verniciatura ad alte prestazioni, dove le macchine a rullo e a velo possono lavorare congiuntamente o indipendentemente per la massima flessibilit\u00e0;<\/li>\n<li>cabine di verniciatura individuali per lavori di altissima qualit\u00e0 su forme complesse;<\/li>\n<li>diverse unit\u00e0 robotiche per applicazioni ripetute su forme tridimensionali.<\/li>\n<\/ul>\n<\/div>\n\n\n\n<div class=\"wp-block-themeisle-blocks-advanced-column er_has_ken_burns\" id=\"wp-block-themeisle-blocks-advanced-column-69c0577c\"><\/div>\n<\/div><\/div>\n","protected":false},"excerpt":{"rendered":"<p>Lavoriamo con la migliore selezione di materiali esclusivi e sfruttiamo tecnologie all&#8217;avanguardia per produrre interni che superano qualsiasi aspettativa.<\/p>\n","protected":false},"author":1,"featured_media":0,"parent":0,"menu_order":0,"comment_status":"closed","ping_status":"closed","template":"page-templates\/template-pagebuilder-full-width.php","meta":{"neve_meta_sidebar":"full-width","neve_meta_container":"","neve_meta_enable_content_width":"on","neve_meta_content_width":100,"neve_meta_title_alignment":"","neve_meta_author_avatar":"","neve_post_elements_order":"","neve_meta_disable_header":"","neve_meta_disable_footer":"","neve_meta_disable_title":"on","neve_meta_reading_time":"","_themeisle_gutenberg_block_has_review":false,"footnotes":""},"class_list":["post-2042","page","type-page","status-publish","hentry"],"_links":{"self":[{"href":"https:\/\/s2spa.it\/it\/wp-json\/wp\/v2\/pages\/2042","targetHints":{"allow":["GET"]}}],"collection":[{"href":"https:\/\/s2spa.it\/it\/wp-json\/wp\/v2\/pages"}],"about":[{"href":"https:\/\/s2spa.it\/it\/wp-json\/wp\/v2\/types\/page"}],"author":[{"embeddable":true,"href":"https:\/\/s2spa.it\/it\/wp-json\/wp\/v2\/users\/1"}],"replies":[{"embeddable":true,"href":"https:\/\/s2spa.it\/it\/wp-json\/wp\/v2\/comments?post=2042"}],"version-history":[{"count":3,"href":"https:\/\/s2spa.it\/it\/wp-json\/wp\/v2\/pages\/2042\/revisions"}],"predecessor-version":[{"id":2045,"href":"https:\/\/s2spa.it\/it\/wp-json\/wp\/v2\/pages\/2042\/revisions\/2045"}],"wp:attachment":[{"href":"https:\/\/s2spa.it\/it\/wp-json\/wp\/v2\/media?parent=2042"}],"curies":[{"name":"wp","href":"https:\/\/api.w.org\/{rel}","templated":true}]}}