{"id":2315,"date":"2021-10-13T10:48:32","date_gmt":"2021-10-13T08:48:32","guid":{"rendered":"https:\/\/s2spa.it\/informativa-sulla-privacy\/"},"modified":"2026-02-13T23:47:41","modified_gmt":"2026-02-13T22:47:41","slug":"informativa-sulla-privacy","status":"publish","type":"page","link":"https:\/\/s2spa.it\/it\/informativa-sulla-privacy\/","title":{"rendered":"Informativa sulla privacy"},"content":{"rendered":"\n<div class=\"wp-block-themeisle-blocks-advanced-columns alignfull has-1-columns has-desktop-equal-layout has-tablet-equal-layout has-mobile-equal-layout has-wide-gap has-vertical-center\" id=\"wp-block-themeisle-blocks-advanced-columns-ad070be9\"><div class=\"wp-block-themeisle-blocks-advanced-columns-overlay\"><\/div><div class=\"innerblocks-wrap\">\n<div class=\"wp-block-themeisle-blocks-advanced-column\" id=\"wp-block-themeisle-blocks-advanced-column-40d76666\">\n<div class=\"wp-block-themeisle-blocks-service\">\n<h1 id=\"wp-block-themeisle-blocks-advanced-heading-1ff1c8f2\" class=\"wp-block-themeisle-blocks-advanced-heading wp-block-themeisle-blocks-advanced-heading-1ff1c8f2\">Informativa sulla privacy<\/h1>\n<\/div>\n<\/div>\n<\/div><\/div>\n\n<div class=\"wp-block-themeisle-blocks-advanced-columns alignfull has-2-columns has-desktop-twoOne-layout has-tablet-equal-layout has-mobile-collapsedRows-layout has-wide-gap has-vertical-unset\" id=\"wp-block-themeisle-blocks-advanced-columns-476a0cf1\"><div class=\"wp-block-themeisle-blocks-advanced-columns-overlay\"><\/div><div class=\"innerblocks-wrap\">\n<div class=\"wp-block-themeisle-blocks-advanced-column\" id=\"wp-block-themeisle-blocks-advanced-column-eeb6a42e\">\n<h2 id=\"wp-block-themeisle-blocks-advanced-heading-3b97985f\" class=\"wp-block-themeisle-blocks-advanced-heading wp-block-themeisle-blocks-advanced-heading-3b97985f ticss-a126335f\">La tua privacy <span style=\"color: #e53e28;\">\u00e8 importante per noi<\/span><\/h2>\n<\/div>\n\n\n\n<div class=\"wp-block-themeisle-blocks-advanced-column\" id=\"wp-block-themeisle-blocks-advanced-column-cb6ac2de\">\n<p class=\"ticss-8fdef464 has-medium-font-size\">Scopri come e quali informazioni raccogliamo e conserviamo quando visiti e interagisci con il nostro sito web.<\/p>\n<\/div>\n<\/div><\/div>\n\n<div class=\"wp-block-themeisle-blocks-advanced-columns has-1-columns has-desktop-equal-layout has-tablet-equal-layout has-mobile-equal-layout has-default-gap has-vertical-unset\" id=\"wp-block-themeisle-blocks-advanced-columns-21251ca1\"><div class=\"wp-block-themeisle-blocks-advanced-columns-overlay\"><\/div><div class=\"innerblocks-wrap\">\n<div class=\"wp-block-themeisle-blocks-advanced-column\" id=\"wp-block-themeisle-blocks-advanced-column-f64c749f\">\n<p>Presso S2 S.p.A., accessibile all\u2019indirizzo <a class=\"decorated-link\" href=\"https:\/\/s2spa.it\/it\/\" target=\"_new\" rel=\"noopener\" data-start=\"152\" data-end=\"168\">https:\/\/s2spa.it<\/a>, una delle nostre principali priorit\u00e0 \u00e8 la tutela della privacy dei visitatori. Il presente documento di Informativa sulla privacy descrive le tipologie di informazioni che vengono raccolte e registrate da S2 S.p.A. e le modalit\u00e0 con cui le utilizziamo.<\/p>\n\n\n\n<p>Se hai ulteriori domande o desideri maggiori informazioni sulla nostra Informativa sulla privacy, non esitare a contattarci <a href=\"https:\/\/s2spa.it\/it\/contatti\/\">tramite questa pagina.<\/a><\/p>\n\n\n\n<p>La presente Informativa sulla privacy si applica esclusivamente alle nostre attivit\u00e0 online ed \u00e8 valida per i visitatori del nostro sito web in relazione alle informazioni che essi condividono e\/o che vengono raccolte da S2 S.p.A.. Questa politica non si applica a informazioni raccolte offline o tramite canali diversi da questo sito web.<\/p>\n\n\n\n<h2 class=\"wp-block-heading\">Consenso<\/h2>\n\n\n\n<p>Utilizzando il nostro sito web, acconsenti alla nostra Informativa sulla privacy e accetti i suoi termini.<\/p>\n\n\n\n<h2 class=\"wp-block-heading\">Informazioni che raccogliamo e modalit\u00e0 di utilizzo<\/h2>\n\n\n\n<p>Le informazioni personali che ti vengono richieste e le ragioni per cui ti vengono richieste saranno chiaramente indicate al momento in cui ti chiediamo di fornire i tuoi dati personali.<\/p>\n\n\n\n<p>Ad esempio, quando\u00a0<strong>ci invii una richiesta<\/strong>tramite il modulo di contatto presente nella pagina Contatti, utilizziamo il tuo nome e il tuo indirizzo email per gestire la tua richiesta. <strong>Non vendiamo, non concediamo in licenza e non condividiamo i tuoi dati con terzi.<\/strong><\/p>\n\n\n\n<p>Se ci <strong>contatti direttamente<\/strong>, potremmo ricevere ulteriori informazioni su di te, come il tuo nome, indirizzo email, numero di telefono, il contenuto del messaggio e\/o eventuali allegati che ci invii, e qualsiasi altra informazione che decidi di fornire.<\/p>\n\n\n\n<p>Quando ti <strong>registri per un Account<\/strong>, potremmo richiedere le tue informazioni di contatto, inclusi dati quali nome, ragione sociale, indirizzo, indirizzo email e numero di telefono.<\/p>\n\n\n\n<p>Se ti <strong>iscrivi alla nostra newsletter<\/strong>, utilizzeremo le informazioni di contatto che ci fornisci per inviarti esclusivamente email pertinenti e <strong>soccasionali relative ai nostri prodotti. Come di consueto, non vendiamo, non concediamo in licenza e non condividiamo i tuoi dati con terzi.<\/strong><\/p>\n\n\n\n<p>Raccogliamo inoltre informazioni anonimizzate sulla tua visita, in modo da poter creare statistiche anonime sull\u2019utilizzo del sito tramite Google Analytics.<\/p>\n\n\n\n<h2 class=\"wp-block-heading\">File di log<\/h2>\n\n\n\n<p>S2 S.p.A. segue una procedura standard nell\u2019utilizzo dei file di registro. Questi file registrano i visitatori quando accedono ai siti web. Tutte le societ\u00e0 di hosting operano in questo modo, come parte dei servizi di analisi offerti dall\u2019hosting. Le informazioni raccolte dai file di registro includono indirizzi IP (Internet Protocol), tipo di browser, fornitore di servizi Internet (ISP), data e ora, pagine di provenienza\/uscita e, eventualmente, il numero di clic. Tali dati non sono collegati a informazioni personali identificabili. Lo scopo di queste informazioni \u00e8 l\u2019analisi delle tendenze, la gestione del sito, il monitoraggio dei movimenti degli utenti sul sito e la raccolta di informazioni demografiche.<\/p>\n\n\n\n<h2 class=\"wp-block-heading\">Informativa sui cookie<\/h2>\n\n\n\n<p>La presente Informativa sui cookie spiega cosa sono i cookie e come li utilizziamo. Ti invitiamo a leggere questa informativa per comprendere cosa sono i cookie, come li utilizziamo, i tipi di cookie impiegati, le informazioni che raccogliamo tramite i cookie e come tali informazioni vengono utilizzate, nonch\u00e9 come gestire le preferenze sui cookie. Per ulteriori informazioni su come utilizziamo, conserviamo e proteggiamo i tuoi dati personali, consulta la nostra Informativa sulla privacy.<\/p>\n\n\n\n<p>Puoi in qualsiasi momento modificare o revocare il tuo consenso tramite la Dichiarazione dei cookie presente sul nostro sito.<br\/>Per saperne di pi\u00f9 su chi siamo, come contattarci e come trattiamo i dati personali, consulta la nostra Informativa sulla privacy.<br\/>Il tuo consenso si applica ai seguenti domini: s2spa.it<\/p>\n\n\n<p>[user_consent_state]<\/p>\n\n\n\n<h2 class=\"wp-block-heading\">Cosa sono i cookie?<\/h2>\n\n\n\n<p>I cookie sono piccoli file di testo utilizzati per memorizzare piccole quantit\u00e0 di informazioni. I cookie vengono salvati sul tuo dispositivo quando il sito web viene caricato nel tuo browser. Questi cookie ci aiutano a far funzionare correttamente il sito, a renderlo pi\u00f9 sicuro, a offrire una migliore esperienza utente e a capire come il sito performa, analizzando ci\u00f2 che funziona e dove \u00e8 necessario apportare miglioramenti.<\/p>\n\n\n\n<h2 class=\"wp-block-heading\">Come utilizziamo i cookie?<\/h2>\n\n\n\n<p>Come la maggior parte dei servizi online, il nostro sito utilizza cookie di prima parte e di terze parti per diversi scopi. I cookie di prima parte sono principalmente necessari affinch\u00e9 il sito funzioni correttamente e non raccolgono alcun dato personale identificabile.<\/p>\n\n\n\n<p>I cookie di terze parti utilizzati sul nostro sito servono principalmente a comprendere come il sito funziona, come interagisci con esso, a mantenere i nostri servizi sicuri, a fornire pubblicit\u00e0 rilevanti per te e, in generale, a offrirti un\u2019esperienza utente migliore e pi\u00f9 efficace, contribuendo a rendere pi\u00f9 rapide le tue future interazioni con il nostro sito.<\/p>\n\n\n\n<h2 class=\"wp-block-heading\">Tipi di cookie che utilizziamo<\/h2>\n\n\n\n<p>I cookie utilizzati sul nostro sito sono suddivisi nelle seguenti categorie.<\/p>\n\n\n<p>[cookie_category]<\/p>\n\n\n\n<p>L\u2019elenco seguente descrive i cookie utilizzati sul nostro sito web.<\/p>\n\n\n<p>[cookie_audit_category columns=&#8221;cookie,description&#8221;]<\/p>\n\n\n\n<h2 class=\"wp-block-heading\">Come posso gestire le preferenze sui cookie?<\/h2>\n\n\n\n<p>Puoi gestire le tue preferenze sui cookie cliccando sul pulsante \u201cImpostazioni\u201d e abilitando o disabilitando le categorie di cookie nel popup in base alle tue preferenze.<\/p>\n\n\n\n<p>Se decidi di modificare le tue preferenze in un secondo momento durante la navigazione, puoi cliccare sulla scheda \u201cGestisci il consenso\u201d sullo schermo. Verr\u00e0 nuovamente visualizzato l\u2019avviso sul consenso, permettendoti di cambiare le tue preferenze o revocare completamente il consenso.<\/p>\n\n\n\n<p>In aggiunta a quanto sopra, i diversi browser offrono modalit\u00e0 differenti per bloccare ed eliminare i cookie utilizzati dai siti web. Puoi modificare le impostazioni del tuo browser per bloccare o eliminare i cookie. Per ulteriori informazioni su come gestire ed eliminare i cookie, visita wikipedia.org o www.allaboutcookies.org.<\/p>\n\n\n\n<h2 class=\"wp-block-heading\">Informative sulla privacy di terze parti<\/h2>\n\n\n\n<p>La Privacy Policy di S2 S.p.A. non si applica ad altri inserzionisti o siti web. Ti invitiamo pertanto a consultare le rispettive Informative sulla privacy di questi server pubblicitari di terze parti per informazioni pi\u00f9 dettagliate. Queste possono includere le loro pratiche e istruzioni su come rinunciare a determinate opzioni. Puoi trovare un elenco completo di queste Informative sulla privacy e i relativi link qui: Link alle Privacy Policy.<\/p>\n\n\n\n<p>Puoi scegliere di disabilitare i cookie tramite le impostazioni del tuo browser. Per informazioni pi\u00f9 dettagliate sulla gestione dei cookie con specifici browser, consulta i rispettivi siti web dei browser.<\/p>\n\n\n\n<h2 class=\"wp-block-heading\">Diritti alla privacy secondo il CCPA (Non vendere le mie informazioni personali)<\/h2>\n\n\n\n<p>Secondo il CCPA, tra gli altri diritti, i consumatori californiani hanno il diritto di:<\/p>\n\n\n\n<p>Richiedere a un\u2019azienda che raccoglie i dati personali di un consumatore di comunicare le categorie e i singoli dati personali che l\u2019azienda ha raccolto sui consumatori.<\/p>\n\n\n\n<p>Richiedere a un\u2019azienda la cancellazione di qualsiasi dato personale del consumatore che l\u2019azienda ha raccolto.<\/p>\n\n\n\n<p>Richiedere a un\u2019azienda che vende i dati personali di un consumatore di non vendere i dati personali del consumatore.<\/p>\n\n\n\n<p>Se effettui una richiesta, abbiamo un mese di tempo per risponderti. Se desideri esercitare uno di questi diritti, ti invitiamo a contattarci tramite la pagina dei contatti.<\/p>\n\n\n\n<h2 class=\"wp-block-heading\">Diritti di protezione dei dati secondo il GDPR<\/h2>\n\n\n\n<p>Desideriamo assicurarci che tu sia pienamente consapevole di tutti i tuoi diritti in materia di protezione dei dati. Ogni utente ha diritto a quanto segue:<\/p>\n\n\n\n<p>Diritto di accesso \u2013 Hai il diritto di richiedere copie dei tuoi dati personali. Potremmo applicare una piccola tariffa per questo servizio.<\/p>\n\n\n\n<p>Diritto di rettifica \u2013 Hai il diritto di richiedere la correzione di qualsiasi informazione che ritieni inesatta. Hai inoltre il diritto di richiedere che vengano completate le informazioni che ritieni incomplete.<\/p>\n\n\n\n<p>Diritto alla cancellazione \u2013 Hai il diritto di richiedere la cancellazione dei tuoi dati personali, nei casi previsti dalla legge.<\/p>\n\n\n\n<p>Diritto di limitazione del trattamento \u2013 Hai il diritto di richiedere che venga limitato il trattamento dei tuoi dati personali, nei casi previsti dalla legge.<\/p>\n\n\n\n<p>Diritto di opposizione al trattamento \u2013 Hai il diritto di opporsi al nostro trattamento dei tuoi dati personali, nei casi previsti dalla legge.<\/p>\n\n\n\n<p>Diritto alla portabilit\u00e0 dei dati \u2013 Hai il diritto di richiedere che i dati che abbiamo raccolto vengano trasferiti a un\u2019altra organizzazione o direttamente a te, nei casi previsti dalla legge.<\/p>\n\n\n\n<p>Se effettui una richiesta, abbiamo un mese di tempo per risponderti. Se desideri esercitare uno di questi diritti, ti invitiamo a contattarci <a href=\"https:\/\/s2spa.it\/it\/contatti\/\">tramite la pagina dei contatti<\/a>.<\/p>\n\n\n\n<h2 class=\"wp-block-heading\">Informazioni sui minori<\/h2>\n\n\n\n<p>Un\u2019altra delle nostre priorit\u00e0 \u00e8 garantire la protezione dei minori durante l\u2019uso di Internet. Invitiamo genitori e tutori a osservare, partecipare e\/o monitorare e guidare l\u2019attivit\u00e0 online dei minori.<\/p>\n\n\n\n<p>S2 S.p.A. non raccoglie consapevolmente informazioni personali identificabili da bambini di et\u00e0 inferiore ai 13 anni. Se ritieni che tuo figlio abbia fornito questo tipo di informazioni sul nostro sito, ti invitiamo a contattarci immediatamente; faremo tutto il possibile per rimuovere prontamente tali informazioni dai nostri archivi.<\/p>\n<\/div>\n<\/div><\/div>\n","protected":false},"excerpt":{"rendered":"","protected":false},"author":1,"featured_media":0,"parent":0,"menu_order":0,"comment_status":"closed","ping_status":"closed","template":"page-templates\/template-pagebuilder-full-width.php","meta":{"neve_meta_sidebar":"full-width","neve_meta_container":"","neve_meta_enable_content_width":"on","neve_meta_content_width":100,"neve_meta_title_alignment":"","neve_meta_author_avatar":"","neve_post_elements_order":"","neve_meta_disable_header":"","neve_meta_disable_footer":"","neve_meta_disable_title":"on","neve_meta_reading_time":"","_themeisle_gutenberg_block_has_review":false,"footnotes":""},"class_list":["post-2315","page","type-page","status-publish","hentry"],"_links":{"self":[{"href":"https:\/\/s2spa.it\/it\/wp-json\/wp\/v2\/pages\/2315","targetHints":{"allow":["GET"]}}],"collection":[{"href":"https:\/\/s2spa.it\/it\/wp-json\/wp\/v2\/pages"}],"about":[{"href":"https:\/\/s2spa.it\/it\/wp-json\/wp\/v2\/types\/page"}],"author":[{"embeddable":true,"href":"https:\/\/s2spa.it\/it\/wp-json\/wp\/v2\/users\/1"}],"replies":[{"embeddable":true,"href":"https:\/\/s2spa.it\/it\/wp-json\/wp\/v2\/comments?post=2315"}],"version-history":[{"count":3,"href":"https:\/\/s2spa.it\/it\/wp-json\/wp\/v2\/pages\/2315\/revisions"}],"predecessor-version":[{"id":2318,"href":"https:\/\/s2spa.it\/it\/wp-json\/wp\/v2\/pages\/2315\/revisions\/2318"}],"wp:attachment":[{"href":"https:\/\/s2spa.it\/it\/wp-json\/wp\/v2\/media?parent=2315"}],"curies":[{"name":"wp","href":"https:\/\/api.w.org\/{rel}","templated":true}]}}